{"id":3227,"date":"2024-10-08T11:11:23","date_gmt":"2024-10-08T09:11:23","guid":{"rendered":"http:\/\/downgalicia.org.136-144-253-96.136-144-253-96.visualpublinet.com\/tics\/"},"modified":"2025-07-24T11:29:25","modified_gmt":"2025-07-24T09:29:25","slug":"tics","status":"publish","type":"page","link":"https:\/\/downgalicia.org\/es\/punto-virtual-educacion\/creacion-de-materiales-accesibles\/metodologias-y-estrategias-relacionadas-con-la-accesibilidad\/tics\/","title":{"rendered":"Tecnolog\u00edas de la informaci\u00f3n y la comunicaci\u00f3n"},"content":{"rendered":"\t\t<div data-elementor-type=\"wp-page\" data-elementor-id=\"3227\" class=\"elementor elementor-3227 elementor-1891\" data-elementor-post-type=\"page\">\n\t\t\t\t<div class=\"elementor-element elementor-element-9cb48b0 e-con-full e-flex e-con e-parent\" data-id=\"9cb48b0\" data-element_type=\"container\">\n\t\t\t\t<div class=\"elementor-element elementor-element-36fc958 elementor-widget elementor-widget-text-editor\" data-id=\"36fc958\" data-element_type=\"widget\" data-widget_type=\"text-editor.default\">\n\t\t\t\t<div class=\"elementor-widget-container\">\n\t\t\t\t\t\t\t\t\t<p>Las TICs hacen referencia a las Nuevas Tecnolog\u00edas de la Informaci\u00f3n y la Comunicaci\u00f3n (tabletas, ordenadores, m\u00f3viles y\/o dispositivos digitales en general). \u00c9stas pueden ser un importante recurso did\u00e1ctico para la elaboraci\u00f3n de tareas educativas que sirvan para complementar a los nuevos paradigmas o metodolog\u00edas educativas (Dise\u00f1o Universal para el Aprendizaje, Aprendizaje Cooperativo\u2026). Investigaciones cient\u00edficas demuestran que la utilizaci\u00f3n de estos nuevos recursos resulta beneficiosa para la consolidaci\u00f3n de los aprendizajes (<em>Granda Asencia et al<\/em>, 2019).<\/p><p>Implantar herramientas de aprendizaje que se apoyen en las TICs puede traer consigo numerosas ventajas en el \u00e1mbito educativo, logrando que el proceso de aprendizaje se vuelva m\u00e1s din\u00e1mico.<\/p><p>Es preciso destacar que, aunque las TICs son un recurso muy vers\u00e1til y facilitan el aprendizaje, debe evitarse su utilizaci\u00f3n como un recurso espec\u00edfico e individualizado, debiendo emplearse como un recurso global m\u00e1s en el aula, integr\u00e1ndolas en la pr\u00e1ctica docente de manera inclusiva.<\/p>\t\t\t\t\t\t\t\t<\/div>\n\t\t\t\t<\/div>\n\t\t\t\t<\/div>\n\t\t<div class=\"elementor-element elementor-element-c4af222 e-con-full e-flex e-con e-parent\" data-id=\"c4af222\" data-element_type=\"container\">\n\t\t\t\t<div class=\"elementor-element elementor-element-9ee3f75 elementor-widget elementor-widget-heading\" data-id=\"9ee3f75\" data-element_type=\"widget\" data-widget_type=\"heading.default\">\n\t\t\t\t<div class=\"elementor-widget-container\">\n\t\t\t\t\t<p class=\"elementor-heading-title elementor-size-default\"><strong>Beneficios del uso de las TICs en el aula<\/strong><\/p>\t\t\t\t<\/div>\n\t\t\t\t<\/div>\n\t\t<div class=\"elementor-element elementor-element-088eac0 e-grid e-con-full e-con e-child\" data-id=\"088eac0\" data-element_type=\"container\">\n\t\t<div class=\"elementor-element elementor-element-5be5019 e-con-full e-flex e-con e-child\" data-id=\"5be5019\" data-element_type=\"container\" data-settings=\"{&quot;background_background&quot;:&quot;classic&quot;}\">\n\t\t\t\t<div class=\"elementor-element elementor-element-15c3c2d elementor-widget elementor-widget-text-editor\" data-id=\"15c3c2d\" data-element_type=\"widget\" data-widget_type=\"text-editor.default\">\n\t\t\t\t<div class=\"elementor-widget-container\">\n\t\t\t\t\t\t\t\t\t<strong>Generales<\/strong>\n<ul>\n \t<li>Contenidos accesibles para todo el alumnado<\/li>\n \t<li>Aprender de una forma m\u00e1s atractiva, amena y m\u00e1s activa<\/li>\n \t<li>Favorece la comprensi\u00f3n y el inter\u00e9s del alumnado<\/li>\n \t<li>Recursos muy variados (animaciones, herramientas multimedia, programas interactivos&#8230;)<\/li>\n \t<li>Potencian el aprendizaje colaborativo y la comunicaci\u00f3n<\/li>\n \t<li>Fomentan el autoaprendizaje<\/li>\n \t<li>Aumentan el dinamismo de la clase<\/li>\n \t<li>Eliminan las barreras de espacio y tiempo existentes entre el profesorado y el alumnado<\/li>\n<\/ul>\n\t\t\t\t\t\t\t\t<\/div>\n\t\t\t\t<\/div>\n\t\t\t\t<\/div>\n\t\t<div class=\"elementor-element elementor-element-cb43c9d e-con-full e-flex e-con e-child\" data-id=\"cb43c9d\" data-element_type=\"container\" data-settings=\"{&quot;background_background&quot;:&quot;classic&quot;}\">\n\t\t\t\t<div class=\"elementor-element elementor-element-9ed78fc elementor-widget elementor-widget-text-editor\" data-id=\"9ed78fc\" data-element_type=\"widget\" data-widget_type=\"text-editor.default\">\n\t\t\t\t<div class=\"elementor-widget-container\">\n\t\t\t\t\t\t\t\t\t<strong>Docentes<\/strong>\n<ul>\n \t<li>Fuente de recursos educativos<\/li>\n \t<li>Recurso flexible y adaptable a las diferentes estrategias docentes<\/li>\n \t<li>Ahorro de tiempo<\/li>\n \t<li>Favorece la creaci\u00f3n de materiales accesibles y complementa la implantaci\u00f3n de nuevas metodolog\u00edas (DUA, AC&#8230;)<\/li>\n<\/ul>\n\t\t\t\t\t\t\t\t<\/div>\n\t\t\t\t<\/div>\n\t\t\t\t<\/div>\n\t\t\t\t<\/div>\n\t\t\t\t<\/div>\n\t\t<div class=\"elementor-element elementor-element-215b1b0 e-con-full e-flex e-con e-parent\" data-id=\"215b1b0\" data-element_type=\"container\">\n\t\t\t\t<div class=\"elementor-element elementor-element-0f9e77c elementor-widget elementor-widget-heading\" data-id=\"0f9e77c\" data-element_type=\"widget\" data-widget_type=\"heading.default\">\n\t\t\t\t<div class=\"elementor-widget-container\">\n\t\t\t\t\t<p class=\"elementor-heading-title elementor-size-default\"><strong>M\u00e1s informaci\u00f3n<\/strong><\/p>\t\t\t\t<\/div>\n\t\t\t\t<\/div>\n\t\t\t\t<div class=\"elementor-element elementor-element-63aaff6 elementor-icon-list--layout-traditional elementor-list-item-link-full_width elementor-widget elementor-widget-icon-list\" data-id=\"63aaff6\" data-element_type=\"widget\" data-widget_type=\"icon-list.default\">\n\t\t\t\t<div class=\"elementor-widget-container\">\n\t\t\t\t\t\t\t<ul class=\"elementor-icon-list-items\">\n\t\t\t\t\t\t\t<li class=\"elementor-icon-list-item\">\n\t\t\t\t\t\t\t\t\t\t\t<a href=\"https:\/\/www.sindromedown.org\/wp-content\/uploads\/2023\/12\/DUA.pdf\" target=\"_blank\">\n\n\t\t\t\t\t\t\t\t\t\t\t\t<span class=\"elementor-icon-list-icon\">\n\t\t\t\t\t\t\t<svg aria-hidden=\"true\" class=\"e-font-icon-svg e-fas-cloud-download-alt\" viewBox=\"0 0 640 512\" xmlns=\"http:\/\/www.w3.org\/2000\/svg\"><path d=\"M537.6 226.6c4.1-10.7 6.4-22.4 6.4-34.6 0-53-43-96-96-96-19.7 0-38.1 6-53.3 16.2C367 64.2 315.3 32 256 32c-88.4 0-160 71.6-160 160 0 2.7.1 5.4.2 8.1C40.2 219.8 0 273.2 0 336c0 79.5 64.5 144 144 144h368c70.7 0 128-57.3 128-128 0-61.9-44-113.6-102.4-125.4zm-132.9 88.7L299.3 420.7c-6.2 6.2-16.4 6.2-22.6 0L171.3 315.3c-10.1-10.1-2.9-27.3 11.3-27.3H248V176c0-8.8 7.2-16 16-16h48c8.8 0 16 7.2 16 16v112h65.4c14.2 0 21.4 17.2 11.3 27.3z\"><\/path><\/svg>\t\t\t\t\t\t<\/span>\n\t\t\t\t\t\t\t\t\t\t<span class=\"elementor-icon-list-text\">Down Espa\u00f1a (2022). \u201cGu\u00eda Rueda DUA:  Herramientas para el Dise\u00f1o Universal para el Aprendizaje<\/span>\n\t\t\t\t\t\t\t\t\t\t\t<\/a>\n\t\t\t\t\t\t\t\t\t<\/li>\n\t\t\t\t\t\t\t\t<li class=\"elementor-icon-list-item\">\n\t\t\t\t\t\t\t\t\t\t\t<a href=\"https:\/\/www.sindromedown.org\/wp-content\/uploads\/2023\/12\/estrategias.pdf\" target=\"_blank\">\n\n\t\t\t\t\t\t\t\t\t\t\t\t<span class=\"elementor-icon-list-icon\">\n\t\t\t\t\t\t\t<svg aria-hidden=\"true\" class=\"e-font-icon-svg e-fas-cloud-download-alt\" viewBox=\"0 0 640 512\" xmlns=\"http:\/\/www.w3.org\/2000\/svg\"><path d=\"M537.6 226.6c4.1-10.7 6.4-22.4 6.4-34.6 0-53-43-96-96-96-19.7 0-38.1 6-53.3 16.2C367 64.2 315.3 32 256 32c-88.4 0-160 71.6-160 160 0 2.7.1 5.4.2 8.1C40.2 219.8 0 273.2 0 336c0 79.5 64.5 144 144 144h368c70.7 0 128-57.3 128-128 0-61.9-44-113.6-102.4-125.4zm-132.9 88.7L299.3 420.7c-6.2 6.2-16.4 6.2-22.6 0L171.3 315.3c-10.1-10.1-2.9-27.3 11.3-27.3H248V176c0-8.8 7.2-16 16-16h48c8.8 0 16 7.2 16 16v112h65.4c14.2 0 21.4 17.2 11.3 27.3z\"><\/path><\/svg>\t\t\t\t\t\t<\/span>\n\t\t\t\t\t\t\t\t\t\t<span class=\"elementor-icon-list-text\">Down Espa\u00f1a (2021): \u201cGu\u00eda Estrategia y Herramientas Digitales para la educaci\u00f3n inclusiva\u201d<\/span>\n\t\t\t\t\t\t\t\t\t\t\t<\/a>\n\t\t\t\t\t\t\t\t\t<\/li>\n\t\t\t\t\t\t\t\t<li class=\"elementor-icon-list-item\">\n\t\t\t\t\t\t\t\t\t\t\t<a href=\"https:\/\/www.sindromedown.org\/wp-content\/uploads\/2023\/12\/duatic.pdf\" target=\"_blank\">\n\n\t\t\t\t\t\t\t\t\t\t\t\t<span class=\"elementor-icon-list-icon\">\n\t\t\t\t\t\t\t<svg aria-hidden=\"true\" class=\"e-font-icon-svg e-fas-cloud-download-alt\" viewBox=\"0 0 640 512\" xmlns=\"http:\/\/www.w3.org\/2000\/svg\"><path d=\"M537.6 226.6c4.1-10.7 6.4-22.4 6.4-34.6 0-53-43-96-96-96-19.7 0-38.1 6-53.3 16.2C367 64.2 315.3 32 256 32c-88.4 0-160 71.6-160 160 0 2.7.1 5.4.2 8.1C40.2 219.8 0 273.2 0 336c0 79.5 64.5 144 144 144h368c70.7 0 128-57.3 128-128 0-61.9-44-113.6-102.4-125.4zm-132.9 88.7L299.3 420.7c-6.2 6.2-16.4 6.2-22.6 0L171.3 315.3c-10.1-10.1-2.9-27.3 11.3-27.3H248V176c0-8.8 7.2-16 16-16h48c8.8 0 16 7.2 16 16v112h65.4c14.2 0 21.4 17.2 11.3 27.3z\"><\/path><\/svg>\t\t\t\t\t\t<\/span>\n\t\t\t\t\t\t\t\t\t\t<span class=\"elementor-icon-list-text\">Down Espa\u00f1a (2021): \u201cGu\u00eda de Experiencias de Escuelas DUATIC\u201d<\/span>\n\t\t\t\t\t\t\t\t\t\t\t<\/a>\n\t\t\t\t\t\t\t\t\t<\/li>\n\t\t\t\t\t\t\t\t<li class=\"elementor-icon-list-item\">\n\t\t\t\t\t\t\t\t\t\t\t<a href=\"https:\/\/www.sindromedown.org\/wp-content\/uploads\/2023\/12\/143L_guiahz.pdf\" target=\"_blank\">\n\n\t\t\t\t\t\t\t\t\t\t\t\t<span class=\"elementor-icon-list-icon\">\n\t\t\t\t\t\t\t<svg aria-hidden=\"true\" class=\"e-font-icon-svg e-fas-cloud-download-alt\" viewBox=\"0 0 640 512\" xmlns=\"http:\/\/www.w3.org\/2000\/svg\"><path d=\"M537.6 226.6c4.1-10.7 6.4-22.4 6.4-34.6 0-53-43-96-96-96-19.7 0-38.1 6-53.3 16.2C367 64.2 315.3 32 256 32c-88.4 0-160 71.6-160 160 0 2.7.1 5.4.2 8.1C40.2 219.8 0 273.2 0 336c0 79.5 64.5 144 144 144h368c70.7 0 128-57.3 128-128 0-61.9-44-113.6-102.4-125.4zm-132.9 88.7L299.3 420.7c-6.2 6.2-16.4 6.2-22.6 0L171.3 315.3c-10.1-10.1-2.9-27.3 11.3-27.3H248V176c0-8.8 7.2-16 16-16h48c8.8 0 16 7.2 16 16v112h65.4c14.2 0 21.4 17.2 11.3 27.3z\"><\/path><\/svg>\t\t\t\t\t\t<\/span>\n\t\t\t\t\t\t\t\t\t\t<span class=\"elementor-icon-list-text\">Down Espa\u00f1a (2013). Proyecto H@z Tic 2: \u201cLa pizarra digital y el aprendizaje cooperativo en el aula con alumnos con s\u00edndrome de Down\u201d<\/span>\n\t\t\t\t\t\t\t\t\t\t\t<\/a>\n\t\t\t\t\t\t\t\t\t<\/li>\n\t\t\t\t\t\t\t\t<li class=\"elementor-icon-list-item\">\n\t\t\t\t\t\t\t\t\t\t\t<a href=\"http:\/\/www.educaweb.com\/noticia\/2008\/12\/01\/alfabetizacion-digital-docentes-3349\/\" target=\"_blank\">\n\n\t\t\t\t\t\t\t\t\t\t\t\t<span class=\"elementor-icon-list-icon\">\n\t\t\t\t\t\t\t<svg aria-hidden=\"true\" class=\"e-font-icon-svg e-fas-cloud-download-alt\" viewBox=\"0 0 640 512\" xmlns=\"http:\/\/www.w3.org\/2000\/svg\"><path d=\"M537.6 226.6c4.1-10.7 6.4-22.4 6.4-34.6 0-53-43-96-96-96-19.7 0-38.1 6-53.3 16.2C367 64.2 315.3 32 256 32c-88.4 0-160 71.6-160 160 0 2.7.1 5.4.2 8.1C40.2 219.8 0 273.2 0 336c0 79.5 64.5 144 144 144h368c70.7 0 128-57.3 128-128 0-61.9-44-113.6-102.4-125.4zm-132.9 88.7L299.3 420.7c-6.2 6.2-16.4 6.2-22.6 0L171.3 315.3c-10.1-10.1-2.9-27.3 11.3-27.3H248V176c0-8.8 7.2-16 16-16h48c8.8 0 16 7.2 16 16v112h65.4c14.2 0 21.4 17.2 11.3 27.3z\"><\/path><\/svg>\t\t\t\t\t\t<\/span>\n\t\t\t\t\t\t\t\t\t\t<span class=\"elementor-icon-list-text\">Mestres, L. (2008). \u201cLa alfabetizaci\u00f3n digital de los docentes\u201d<\/span>\n\t\t\t\t\t\t\t\t\t\t\t<\/a>\n\t\t\t\t\t\t\t\t\t<\/li>\n\t\t\t\t\t\t<\/ul>\n\t\t\t\t\t\t<\/div>\n\t\t\t\t<\/div>\n\t\t\t\t<\/div>\n\t\t\t\t<\/div>\n\t\t","protected":false},"excerpt":{"rendered":"<p>Las TICs hacen referencia a las Nuevas Tecnolog\u00edas de la Informaci\u00f3n y la Comunicaci\u00f3n (tabletas, ordenadores, m\u00f3viles y\/o dispositivos digitales en general). \u00c9stas pueden ser un importante recurso did\u00e1ctico para [&hellip;]<\/p>\n","protected":false},"author":1,"featured_media":0,"parent":3234,"menu_order":0,"comment_status":"closed","ping_status":"closed","template":"elementor_theme","meta":{"_acf_changed":false,"give_campaign_id":0,"footnotes":""},"class_list":["post-3227","page","type-page","status-publish","hentry"],"acf":[],"yoast_head":"<!-- This site is optimized with the Yoast SEO plugin v25.3.1 - https:\/\/yoast.com\/wordpress\/plugins\/seo\/ -->\n<title>Tecnolog\u00edas de la informaci\u00f3n y la comunicaci\u00f3n &#8226; Federaci\u00f3n Down Galicia<\/title>\n<meta name=\"robots\" content=\"index, follow, max-snippet:-1, max-image-preview:large, max-video-preview:-1\" \/>\n<link rel=\"canonical\" href=\"https:\/\/downgalicia.org\/es\/punto-virtual-educacion\/creacion-de-materiales-accesibles\/metodologias-y-estrategias-relacionadas-con-la-accesibilidad\/tics\/\" \/>\n<meta property=\"og:locale\" content=\"es_ES\" \/>\n<meta property=\"og:type\" content=\"article\" \/>\n<meta property=\"og:title\" content=\"Tecnolog\u00edas de la informaci\u00f3n y la comunicaci\u00f3n &#8226; Federaci\u00f3n Down Galicia\" \/>\n<meta property=\"og:description\" content=\"Las TICs hacen referencia a las Nuevas Tecnolog\u00edas de la Informaci\u00f3n y la Comunicaci\u00f3n (tabletas, ordenadores, m\u00f3viles y\/o dispositivos digitales en general). \u00c9stas pueden ser un importante recurso did\u00e1ctico para [&hellip;]\" \/>\n<meta property=\"og:url\" content=\"https:\/\/downgalicia.org\/es\/punto-virtual-educacion\/creacion-de-materiales-accesibles\/metodologias-y-estrategias-relacionadas-con-la-accesibilidad\/tics\/\" \/>\n<meta property=\"og:site_name\" content=\"Federaci\u00f3n Down Galicia\" \/>\n<meta property=\"article:modified_time\" content=\"2025-07-24T09:29:25+00:00\" \/>\n<meta name=\"twitter:card\" content=\"summary_large_image\" \/>\n<meta name=\"twitter:label1\" content=\"Tiempo de lectura\" \/>\n\t<meta name=\"twitter:data1\" content=\"2 minutos\" \/>\n<script type=\"application\/ld+json\" class=\"yoast-schema-graph\">{\"@context\":\"https:\/\/schema.org\",\"@graph\":[{\"@type\":\"WebPage\",\"@id\":\"https:\/\/downgalicia.org\/es\/punto-virtual-educacion\/creacion-de-materiales-accesibles\/metodologias-y-estrategias-relacionadas-con-la-accesibilidad\/tics\/\",\"url\":\"https:\/\/downgalicia.org\/es\/punto-virtual-educacion\/creacion-de-materiales-accesibles\/metodologias-y-estrategias-relacionadas-con-la-accesibilidad\/tics\/\",\"name\":\"Tecnolog\u00edas de la informaci\u00f3n y la comunicaci\u00f3n &#8226; Federaci\u00f3n Down Galicia\",\"isPartOf\":{\"@id\":\"https:\/\/downgalicia.org\/es\/#website\"},\"datePublished\":\"2024-10-08T09:11:23+00:00\",\"dateModified\":\"2025-07-24T09:29:25+00:00\",\"breadcrumb\":{\"@id\":\"https:\/\/downgalicia.org\/es\/punto-virtual-educacion\/creacion-de-materiales-accesibles\/metodologias-y-estrategias-relacionadas-con-la-accesibilidad\/tics\/#breadcrumb\"},\"inLanguage\":\"es\",\"potentialAction\":[{\"@type\":\"ReadAction\",\"target\":[\"https:\/\/downgalicia.org\/es\/punto-virtual-educacion\/creacion-de-materiales-accesibles\/metodologias-y-estrategias-relacionadas-con-la-accesibilidad\/tics\/\"]}]},{\"@type\":\"BreadcrumbList\",\"@id\":\"https:\/\/downgalicia.org\/es\/punto-virtual-educacion\/creacion-de-materiales-accesibles\/metodologias-y-estrategias-relacionadas-con-la-accesibilidad\/tics\/#breadcrumb\",\"itemListElement\":[{\"@type\":\"ListItem\",\"position\":1,\"name\":\"Portada\",\"item\":\"https:\/\/downgalicia.org\/es\/\"},{\"@type\":\"ListItem\",\"position\":2,\"name\":\"Punto Virtual de Educaci\u00f3n\",\"item\":\"https:\/\/downgalicia.org\/es\/punto-virtual-educacion\/\"},{\"@type\":\"ListItem\",\"position\":3,\"name\":\"Creaci\u00f3n de materiales accesibles\",\"item\":\"https:\/\/downgalicia.org\/es\/punto-virtual-educacion\/creacion-de-materiais-accesibles\/\"},{\"@type\":\"ListItem\",\"position\":4,\"name\":\"Metodolog\u00edas y estrategias relacionadas con la accesibilidad\",\"item\":\"https:\/\/downgalicia.org\/es\/punto-virtual-educacion\/creacion-de-materiais-accesibles\/metodoloxias-e-estratexias-vencelladas-coa-accesibilidade\/\"},{\"@type\":\"ListItem\",\"position\":5,\"name\":\"Tecnolog\u00edas de la informaci\u00f3n y la comunicaci\u00f3n\"}]},{\"@type\":\"WebSite\",\"@id\":\"https:\/\/downgalicia.org\/es\/#website\",\"url\":\"https:\/\/downgalicia.org\/es\/\",\"name\":\"Federaci\u00f3n Down Galicia\",\"description\":\"Apoio a persoas con S\u00edndrome de Down\",\"publisher\":{\"@id\":\"https:\/\/downgalicia.org\/es\/#organization\"},\"potentialAction\":[{\"@type\":\"SearchAction\",\"target\":{\"@type\":\"EntryPoint\",\"urlTemplate\":\"https:\/\/downgalicia.org\/es\/?s={search_term_string}\"},\"query-input\":{\"@type\":\"PropertyValueSpecification\",\"valueRequired\":true,\"valueName\":\"search_term_string\"}}],\"inLanguage\":\"es\"},{\"@type\":\"Organization\",\"@id\":\"https:\/\/downgalicia.org\/es\/#organization\",\"name\":\"Federaci\u00f3n Down Galicia\",\"url\":\"https:\/\/downgalicia.org\/es\/\",\"logo\":{\"@type\":\"ImageObject\",\"inLanguage\":\"es\",\"@id\":\"https:\/\/downgalicia.org\/es\/#\/schema\/logo\/image\/\",\"url\":\"https:\/\/downgalicia.org\/wp-content\/uploads\/2024\/07\/logo-sindrome-down-color.svg\",\"contentUrl\":\"https:\/\/downgalicia.org\/wp-content\/uploads\/2024\/07\/logo-sindrome-down-color.svg\",\"width\":271,\"height\":88,\"caption\":\"Federaci\u00f3n Down Galicia\"},\"image\":{\"@id\":\"https:\/\/downgalicia.org\/es\/#\/schema\/logo\/image\/\"}}]}<\/script>\n<!-- \/ Yoast SEO plugin. -->","yoast_head_json":{"title":"Tecnolog\u00edas de la informaci\u00f3n y la comunicaci\u00f3n &#8226; Federaci\u00f3n Down Galicia","robots":{"index":"index","follow":"follow","max-snippet":"max-snippet:-1","max-image-preview":"max-image-preview:large","max-video-preview":"max-video-preview:-1"},"canonical":"https:\/\/downgalicia.org\/es\/punto-virtual-educacion\/creacion-de-materiales-accesibles\/metodologias-y-estrategias-relacionadas-con-la-accesibilidad\/tics\/","og_locale":"es_ES","og_type":"article","og_title":"Tecnolog\u00edas de la informaci\u00f3n y la comunicaci\u00f3n &#8226; Federaci\u00f3n Down Galicia","og_description":"Las TICs hacen referencia a las Nuevas Tecnolog\u00edas de la Informaci\u00f3n y la Comunicaci\u00f3n (tabletas, ordenadores, m\u00f3viles y\/o dispositivos digitales en general). \u00c9stas pueden ser un importante recurso did\u00e1ctico para [&hellip;]","og_url":"https:\/\/downgalicia.org\/es\/punto-virtual-educacion\/creacion-de-materiales-accesibles\/metodologias-y-estrategias-relacionadas-con-la-accesibilidad\/tics\/","og_site_name":"Federaci\u00f3n Down Galicia","article_modified_time":"2025-07-24T09:29:25+00:00","twitter_card":"summary_large_image","twitter_misc":{"Tiempo de lectura":"2 minutos"},"schema":{"@context":"https:\/\/schema.org","@graph":[{"@type":"WebPage","@id":"https:\/\/downgalicia.org\/es\/punto-virtual-educacion\/creacion-de-materiales-accesibles\/metodologias-y-estrategias-relacionadas-con-la-accesibilidad\/tics\/","url":"https:\/\/downgalicia.org\/es\/punto-virtual-educacion\/creacion-de-materiales-accesibles\/metodologias-y-estrategias-relacionadas-con-la-accesibilidad\/tics\/","name":"Tecnolog\u00edas de la informaci\u00f3n y la comunicaci\u00f3n &#8226; Federaci\u00f3n Down Galicia","isPartOf":{"@id":"https:\/\/downgalicia.org\/es\/#website"},"datePublished":"2024-10-08T09:11:23+00:00","dateModified":"2025-07-24T09:29:25+00:00","breadcrumb":{"@id":"https:\/\/downgalicia.org\/es\/punto-virtual-educacion\/creacion-de-materiales-accesibles\/metodologias-y-estrategias-relacionadas-con-la-accesibilidad\/tics\/#breadcrumb"},"inLanguage":"es","potentialAction":[{"@type":"ReadAction","target":["https:\/\/downgalicia.org\/es\/punto-virtual-educacion\/creacion-de-materiales-accesibles\/metodologias-y-estrategias-relacionadas-con-la-accesibilidad\/tics\/"]}]},{"@type":"BreadcrumbList","@id":"https:\/\/downgalicia.org\/es\/punto-virtual-educacion\/creacion-de-materiales-accesibles\/metodologias-y-estrategias-relacionadas-con-la-accesibilidad\/tics\/#breadcrumb","itemListElement":[{"@type":"ListItem","position":1,"name":"Portada","item":"https:\/\/downgalicia.org\/es\/"},{"@type":"ListItem","position":2,"name":"Punto Virtual de Educaci\u00f3n","item":"https:\/\/downgalicia.org\/es\/punto-virtual-educacion\/"},{"@type":"ListItem","position":3,"name":"Creaci\u00f3n de materiales accesibles","item":"https:\/\/downgalicia.org\/es\/punto-virtual-educacion\/creacion-de-materiais-accesibles\/"},{"@type":"ListItem","position":4,"name":"Metodolog\u00edas y estrategias relacionadas con la accesibilidad","item":"https:\/\/downgalicia.org\/es\/punto-virtual-educacion\/creacion-de-materiais-accesibles\/metodoloxias-e-estratexias-vencelladas-coa-accesibilidade\/"},{"@type":"ListItem","position":5,"name":"Tecnolog\u00edas de la informaci\u00f3n y la comunicaci\u00f3n"}]},{"@type":"WebSite","@id":"https:\/\/downgalicia.org\/es\/#website","url":"https:\/\/downgalicia.org\/es\/","name":"Federaci\u00f3n Down Galicia","description":"Apoio a persoas con S\u00edndrome de Down","publisher":{"@id":"https:\/\/downgalicia.org\/es\/#organization"},"potentialAction":[{"@type":"SearchAction","target":{"@type":"EntryPoint","urlTemplate":"https:\/\/downgalicia.org\/es\/?s={search_term_string}"},"query-input":{"@type":"PropertyValueSpecification","valueRequired":true,"valueName":"search_term_string"}}],"inLanguage":"es"},{"@type":"Organization","@id":"https:\/\/downgalicia.org\/es\/#organization","name":"Federaci\u00f3n Down Galicia","url":"https:\/\/downgalicia.org\/es\/","logo":{"@type":"ImageObject","inLanguage":"es","@id":"https:\/\/downgalicia.org\/es\/#\/schema\/logo\/image\/","url":"https:\/\/downgalicia.org\/wp-content\/uploads\/2024\/07\/logo-sindrome-down-color.svg","contentUrl":"https:\/\/downgalicia.org\/wp-content\/uploads\/2024\/07\/logo-sindrome-down-color.svg","width":271,"height":88,"caption":"Federaci\u00f3n Down Galicia"},"image":{"@id":"https:\/\/downgalicia.org\/es\/#\/schema\/logo\/image\/"}}]}},"campaignId":"","_links":{"self":[{"href":"https:\/\/downgalicia.org\/es\/wp-json\/wp\/v2\/pages\/3227","targetHints":{"allow":["GET"]}}],"collection":[{"href":"https:\/\/downgalicia.org\/es\/wp-json\/wp\/v2\/pages"}],"about":[{"href":"https:\/\/downgalicia.org\/es\/wp-json\/wp\/v2\/types\/page"}],"author":[{"embeddable":true,"href":"https:\/\/downgalicia.org\/es\/wp-json\/wp\/v2\/users\/1"}],"replies":[{"embeddable":true,"href":"https:\/\/downgalicia.org\/es\/wp-json\/wp\/v2\/comments?post=3227"}],"version-history":[{"count":8,"href":"https:\/\/downgalicia.org\/es\/wp-json\/wp\/v2\/pages\/3227\/revisions"}],"predecessor-version":[{"id":10084,"href":"https:\/\/downgalicia.org\/es\/wp-json\/wp\/v2\/pages\/3227\/revisions\/10084"}],"up":[{"embeddable":true,"href":"https:\/\/downgalicia.org\/es\/wp-json\/wp\/v2\/pages\/3234"}],"wp:attachment":[{"href":"https:\/\/downgalicia.org\/es\/wp-json\/wp\/v2\/media?parent=3227"}],"curies":[{"name":"wp","href":"https:\/\/api.w.org\/{rel}","templated":true}]}}