{"id":3250,"date":"2024-07-01T12:05:12","date_gmt":"2024-07-01T10:05:12","guid":{"rendered":"http:\/\/downgalicia.org.136-144-253-96.136-144-253-96.visualpublinet.com\/sindrome-de-down-en-adultos\/"},"modified":"2025-07-23T16:45:05","modified_gmt":"2025-07-23T14:45:05","slug":"sindrome-de-down-en-adultos","status":"publish","type":"page","link":"https:\/\/downgalicia.org\/es\/programas\/sindrome-de-down-en-adultos\/","title":{"rendered":"Programas para personas adultas con s\u00edndrome de Down"},"content":{"rendered":"\t\t<div data-elementor-type=\"wp-page\" data-elementor-id=\"3250\" class=\"elementor elementor-3250 elementor-63\" data-elementor-post-type=\"page\">\n\t\t\t\t<div class=\"elementor-element elementor-element-2077fb8 e-con-full e-flex e-con e-parent\" data-id=\"2077fb8\" data-element_type=\"container\">\n\t\t\t\t<div class=\"elementor-element elementor-element-3286bf6 elementor-widget elementor-widget-template\" data-id=\"3286bf6\" data-element_type=\"widget\" data-widget_type=\"template.default\">\n\t\t\t\t<div class=\"elementor-widget-container\">\n\t\t\t\t\t\t\t<div class=\"elementor-template\">\n\t\t\t\t\t<div data-elementor-type=\"section\" data-elementor-id=\"3274\" class=\"elementor elementor-3274 elementor-371\" data-elementor-post-type=\"elementor_library\">\n\t\t\t<div class=\"elementor-element elementor-element-5573fbc e-flex e-con-boxed e-con e-parent\" data-id=\"5573fbc\" data-element_type=\"container\" data-settings=\"{&quot;background_background&quot;:&quot;classic&quot;}\">\n\t\t\t\t\t<div class=\"e-con-inner\">\n\t\t\t\t<div class=\"elementor-element elementor-element-cf91f8f elementor-align-left elementor-hidden-mobile_extra elementor-hidden-mobile elementor-widget elementor-widget-breadcrumbs\" data-id=\"cf91f8f\" data-element_type=\"widget\" data-widget_type=\"breadcrumbs.default\">\n\t\t\t\t<div class=\"elementor-widget-container\">\n\t\t\t\t\t<p id=\"breadcrumbs\"><span><span><a href=\"https:\/\/downgalicia.org\/es\/\">Portada<\/a><\/span><\/span><\/p>\t\t\t\t<\/div>\n\t\t\t\t<\/div>\n\t\t\t\t\t<\/div>\n\t\t\t\t<\/div>\n\t\t\t\t<\/div>\n\t\t\t\t<\/div>\n\t\t\t\t\t\t<\/div>\n\t\t\t\t<\/div>\n\t\t\t\t<\/div>\n\t\t<div class=\"elementor-element elementor-element-b429cb7 e-flex e-con-boxed e-con e-parent\" data-id=\"b429cb7\" data-element_type=\"container\">\n\t\t\t\t\t<div class=\"e-con-inner\">\n\t\t<div class=\"elementor-element elementor-element-55959d9 e-con-full e-flex e-con e-child\" data-id=\"55959d9\" data-element_type=\"container\">\n\t\t\t\t<div class=\"elementor-element elementor-element-636732b elementor-widget elementor-widget-image\" data-id=\"636732b\" data-element_type=\"widget\" data-widget_type=\"image.default\">\n\t\t\t\t<div class=\"elementor-widget-container\">\n\t\t\t\t\t\t\t\t\t\t\t\t\t\t\t<img fetchpriority=\"high\" decoding=\"async\" width=\"800\" height=\"881\" src=\"https:\/\/downgalicia.org\/wp-content\/uploads\/2024\/10\/down-galicia-programa-vida-adulta-001.jpg\" class=\"attachment-full size-full wp-image-3085\" alt=\"S\u00edndrome de Down en personas adultas\" srcset=\"https:\/\/downgalicia.org\/wp-content\/uploads\/2024\/10\/down-galicia-programa-vida-adulta-001.jpg 800w, https:\/\/downgalicia.org\/wp-content\/uploads\/2024\/10\/down-galicia-programa-vida-adulta-001-272x300.jpg 272w, https:\/\/downgalicia.org\/wp-content\/uploads\/2024\/10\/down-galicia-programa-vida-adulta-001-768x846.jpg 768w\" sizes=\"(max-width: 800px) 100vw, 800px\" \/>\t\t\t\t\t\t\t\t\t\t\t\t\t\t\t<\/div>\n\t\t\t\t<\/div>\n\t\t\t\t<\/div>\n\t\t<div class=\"elementor-element elementor-element-f9cc5f1 e-con-full e-flex e-con e-child\" data-id=\"f9cc5f1\" data-element_type=\"container\">\n\t\t<div class=\"elementor-element elementor-element-b750791 e-con-full e-flex e-con e-child\" data-id=\"b750791\" data-element_type=\"container\">\n\t\t\t\t<div class=\"elementor-element elementor-element-197c16b elementor-widget elementor-widget-heading\" data-id=\"197c16b\" data-element_type=\"widget\" data-widget_type=\"heading.default\">\n\t\t\t\t<div class=\"elementor-widget-container\">\n\t\t\t\t\t<h2 class=\"elementor-heading-title elementor-size-default\">El s\u00edndrome de Down en la edad adulta<\/h2>\t\t\t\t<\/div>\n\t\t\t\t<\/div>\n\t\t\t\t<div class=\"elementor-element elementor-element-1b38ab3 elementor-widget elementor-widget-text-editor\" data-id=\"1b38ab3\" data-element_type=\"widget\" data-widget_type=\"text-editor.default\">\n\t\t\t\t<div class=\"elementor-widget-container\">\n\t\t\t\t\t\t\t\t\t<p><strong>Desde el Movimiento Down Galicia defendemos la vida independiente<\/strong> como un derecho fundamental para todas las personas. Para ello, nos basamos en la libertad para tomar decisiones sobre la propia vida y en la capacidad de decidir c\u00f3mo, cu\u00e1ndo y con qui\u00e9n quiere vivir cada persona.<\/p><p>Las personas con discapacidad intelectual, y particularmente las personas con s\u00edndrome de Down, deben ser preparadas desde edades tempranas para ejercer y disfrutar de este derecho fundamental.<\/p><p>En el \u00e1rea de Vida Adulta se ofrece una oportunidad de emancipaci\u00f3n con apoyo a personas con s\u00edndrome de Down y discapacidad intelectual que deseen vivir solas, en pareja o con otras personas y, que de este modo, adquieran el control sobre su propia vida.<\/p>\t\t\t\t\t\t\t\t<\/div>\n\t\t\t\t<\/div>\n\t\t\t\t<div class=\"elementor-element elementor-element-9c79690 elementor-widget elementor-widget-heading\" data-id=\"9c79690\" data-element_type=\"widget\" data-widget_type=\"heading.default\">\n\t\t\t\t<div class=\"elementor-widget-container\">\n\t\t\t\t\t<h2 class=\"elementor-heading-title elementor-size-default\">Actividades y programas de apoyo a personas adultas<\/h2>\t\t\t\t<\/div>\n\t\t\t\t<\/div>\n\t\t<div class=\"elementor-element elementor-element-ff719a5 e-con-full e-flex e-con e-child\" data-id=\"ff719a5\" data-element_type=\"container\">\n\t\t\t\t<div class=\"elementor-element elementor-element-5fc3278 elementor-position-left elementor-vertical-align-middle elementor-view-default elementor-mobile-position-top elementor-widget elementor-widget-icon-box\" data-id=\"5fc3278\" data-element_type=\"widget\" data-widget_type=\"icon-box.default\">\n\t\t\t\t<div class=\"elementor-widget-container\">\n\t\t\t\t\t\t\t<div class=\"elementor-icon-box-wrapper\">\n\n\t\t\t\t\t\t<div class=\"elementor-icon-box-icon\">\n\t\t\t\t<span  class=\"elementor-icon\">\n\t\t\t\t<svg aria-hidden=\"true\" class=\"e-font-icon-svg e-fas-circle\" viewBox=\"0 0 512 512\" xmlns=\"http:\/\/www.w3.org\/2000\/svg\"><path d=\"M256 8C119 8 8 119 8 256s111 248 248 248 248-111 248-248S393 8 256 8z\"><\/path><\/svg>\t\t\t\t<\/span>\n\t\t\t<\/div>\n\t\t\t\n\t\t\t\t\t\t<div class=\"elementor-icon-box-content\">\n\n\t\t\t\t\t\t\t\t\t<h3 class=\"elementor-icon-box-title\">\n\t\t\t\t\t\t<span  >\n\t\t\t\t\t\t\tAutogesti\u00f3n\t\t\t\t\t\t<\/span>\n\t\t\t\t\t<\/h3>\n\t\t\t\t\n\t\t\t\t\n\t\t\t<\/div>\n\t\t\t\n\t\t<\/div>\n\t\t\t\t\t\t<\/div>\n\t\t\t\t<\/div>\n\t\t\t\t<div class=\"elementor-element elementor-element-71ec119 elementor-position-left elementor-vertical-align-middle elementor-view-default elementor-mobile-position-top elementor-widget elementor-widget-icon-box\" data-id=\"71ec119\" data-element_type=\"widget\" data-widget_type=\"icon-box.default\">\n\t\t\t\t<div class=\"elementor-widget-container\">\n\t\t\t\t\t\t\t<div class=\"elementor-icon-box-wrapper\">\n\n\t\t\t\t\t\t<div class=\"elementor-icon-box-icon\">\n\t\t\t\t<span  class=\"elementor-icon\">\n\t\t\t\t<svg aria-hidden=\"true\" class=\"e-font-icon-svg e-fas-circle\" viewBox=\"0 0 512 512\" xmlns=\"http:\/\/www.w3.org\/2000\/svg\"><path d=\"M256 8C119 8 8 119 8 256s111 248 248 248 248-111 248-248S393 8 256 8z\"><\/path><\/svg>\t\t\t\t<\/span>\n\t\t\t<\/div>\n\t\t\t\n\t\t\t\t\t\t<div class=\"elementor-icon-box-content\">\n\n\t\t\t\t\t\t\t\t\t<h3 class=\"elementor-icon-box-title\">\n\t\t\t\t\t\t<span  >\n\t\t\t\t\t\t\tFormaci\u00f3n para la vida adulta\t\t\t\t\t\t<\/span>\n\t\t\t\t\t<\/h3>\n\t\t\t\t\n\t\t\t\t\n\t\t\t<\/div>\n\t\t\t\n\t\t<\/div>\n\t\t\t\t\t\t<\/div>\n\t\t\t\t<\/div>\n\t\t\t\t<div class=\"elementor-element elementor-element-508bfd9 elementor-position-left elementor-vertical-align-middle elementor-view-default elementor-mobile-position-top elementor-widget elementor-widget-icon-box\" data-id=\"508bfd9\" data-element_type=\"widget\" data-widget_type=\"icon-box.default\">\n\t\t\t\t<div class=\"elementor-widget-container\">\n\t\t\t\t\t\t\t<div class=\"elementor-icon-box-wrapper\">\n\n\t\t\t\t\t\t<div class=\"elementor-icon-box-icon\">\n\t\t\t\t<span  class=\"elementor-icon\">\n\t\t\t\t<svg aria-hidden=\"true\" class=\"e-font-icon-svg e-fas-circle\" viewBox=\"0 0 512 512\" xmlns=\"http:\/\/www.w3.org\/2000\/svg\"><path d=\"M256 8C119 8 8 119 8 256s111 248 248 248 248-111 248-248S393 8 256 8z\"><\/path><\/svg>\t\t\t\t<\/span>\n\t\t\t<\/div>\n\t\t\t\n\t\t\t\t\t\t<div class=\"elementor-icon-box-content\">\n\n\t\t\t\t\t\t\t\t\t<h3 class=\"elementor-icon-box-title\">\n\t\t\t\t\t\t<span  >\n\t\t\t\t\t\t\tApoyo para la vida independiente\t\t\t\t\t\t<\/span>\n\t\t\t\t\t<\/h3>\n\t\t\t\t\n\t\t\t\t\n\t\t\t<\/div>\n\t\t\t\n\t\t<\/div>\n\t\t\t\t\t\t<\/div>\n\t\t\t\t<\/div>\n\t\t\t\t<div class=\"elementor-element elementor-element-ab36c88 elementor-position-left elementor-vertical-align-middle elementor-view-default elementor-mobile-position-top elementor-widget elementor-widget-icon-box\" data-id=\"ab36c88\" data-element_type=\"widget\" data-widget_type=\"icon-box.default\">\n\t\t\t\t<div class=\"elementor-widget-container\">\n\t\t\t\t\t\t\t<div class=\"elementor-icon-box-wrapper\">\n\n\t\t\t\t\t\t<div class=\"elementor-icon-box-icon\">\n\t\t\t\t<span  class=\"elementor-icon\">\n\t\t\t\t<svg aria-hidden=\"true\" class=\"e-font-icon-svg e-fas-circle\" viewBox=\"0 0 512 512\" xmlns=\"http:\/\/www.w3.org\/2000\/svg\"><path d=\"M256 8C119 8 8 119 8 256s111 248 248 248 248-111 248-248S393 8 256 8z\"><\/path><\/svg>\t\t\t\t<\/span>\n\t\t\t<\/div>\n\t\t\t\n\t\t\t\t\t\t<div class=\"elementor-icon-box-content\">\n\n\t\t\t\t\t\t\t\t\t<h3 class=\"elementor-icon-box-title\">\n\t\t\t\t\t\t<span  >\n\t\t\t\t\t\t\tAfectividad y sexualidad\t\t\t\t\t\t<\/span>\n\t\t\t\t\t<\/h3>\n\t\t\t\t\n\t\t\t\t\n\t\t\t<\/div>\n\t\t\t\n\t\t<\/div>\n\t\t\t\t\t\t<\/div>\n\t\t\t\t<\/div>\n\t\t\t\t<\/div>\n\t\t\t\t<\/div>\n\t\t\t\t<\/div>\n\t\t\t\t\t<\/div>\n\t\t\t\t<\/div>\n\t\t\t\t<\/div>\n\t\t","protected":false},"excerpt":{"rendered":"<p>El s\u00edndrome de Down en la edad adulta Desde el Movimiento Down Galicia defendemos la vida independiente como un derecho fundamental para todas las personas. Para ello, nos basamos en [&hellip;]<\/p>\n","protected":false},"author":1,"featured_media":0,"parent":3259,"menu_order":0,"comment_status":"closed","ping_status":"closed","template":"","meta":{"_acf_changed":false,"give_campaign_id":0,"footnotes":""},"class_list":["post-3250","page","type-page","status-publish","hentry"],"acf":[],"yoast_head":"<!-- This site is optimized with the Yoast SEO plugin v25.3.1 - https:\/\/yoast.com\/wordpress\/plugins\/seo\/ -->\n<title>S\u00edndrome de Down en Adultos &#8226; Programas y Actividades<\/title>\n<meta name=\"description\" content=\"Nuestro programa de s\u00edndrome de Down en personas adultas. Oportunidades de emancipaci\u00f3n para que adquieran el control sobre su propia vida.\" \/>\n<meta name=\"robots\" content=\"index, follow, max-snippet:-1, max-image-preview:large, max-video-preview:-1\" \/>\n<link rel=\"canonical\" href=\"https:\/\/downgalicia.org\/es\/programas\/sindrome-de-down-en-adultos\/\" \/>\n<meta property=\"og:locale\" content=\"es_ES\" \/>\n<meta property=\"og:type\" content=\"article\" \/>\n<meta property=\"og:title\" content=\"S\u00edndrome de Down en Adultos &#8226; Programas y Actividades\" \/>\n<meta property=\"og:description\" content=\"Nuestro programa de s\u00edndrome de Down en personas adultas. Oportunidades de emancipaci\u00f3n para que adquieran el control sobre su propia vida.\" \/>\n<meta property=\"og:url\" content=\"https:\/\/downgalicia.org\/es\/programas\/sindrome-de-down-en-adultos\/\" \/>\n<meta property=\"og:site_name\" content=\"Federaci\u00f3n Down Galicia\" \/>\n<meta property=\"article:modified_time\" content=\"2025-07-23T14:45:05+00:00\" \/>\n<meta property=\"og:image\" content=\"https:\/\/downgalicia.org\/wp-content\/uploads\/2024\/10\/down-galicia-programa-vida-adulta-001.jpg\" \/>\n\t<meta property=\"og:image:width\" content=\"800\" \/>\n\t<meta property=\"og:image:height\" content=\"881\" \/>\n\t<meta property=\"og:image:type\" content=\"image\/jpeg\" \/>\n<meta name=\"twitter:card\" content=\"summary_large_image\" \/>\n<meta name=\"twitter:label1\" content=\"Tiempo de lectura\" \/>\n\t<meta name=\"twitter:data1\" content=\"1 minuto\" \/>\n<script type=\"application\/ld+json\" class=\"yoast-schema-graph\">{\"@context\":\"https:\/\/schema.org\",\"@graph\":[{\"@type\":\"WebPage\",\"@id\":\"https:\/\/downgalicia.org\/es\/programas\/sindrome-de-down-en-adultos\/\",\"url\":\"https:\/\/downgalicia.org\/es\/programas\/sindrome-de-down-en-adultos\/\",\"name\":\"S\u00edndrome de Down en Adultos &#8226; Programas y Actividades\",\"isPartOf\":{\"@id\":\"https:\/\/downgalicia.org\/es\/#website\"},\"primaryImageOfPage\":{\"@id\":\"https:\/\/downgalicia.org\/es\/programas\/sindrome-de-down-en-adultos\/#primaryimage\"},\"image\":{\"@id\":\"https:\/\/downgalicia.org\/es\/programas\/sindrome-de-down-en-adultos\/#primaryimage\"},\"thumbnailUrl\":\"https:\/\/downgalicia.org\/wp-content\/uploads\/2024\/10\/down-galicia-programa-vida-adulta-001.jpg\",\"datePublished\":\"2024-07-01T10:05:12+00:00\",\"dateModified\":\"2025-07-23T14:45:05+00:00\",\"description\":\"Nuestro programa de s\u00edndrome de Down en personas adultas. Oportunidades de emancipaci\u00f3n para que adquieran el control sobre su propia vida.\",\"breadcrumb\":{\"@id\":\"https:\/\/downgalicia.org\/es\/programas\/sindrome-de-down-en-adultos\/#breadcrumb\"},\"inLanguage\":\"es\",\"potentialAction\":[{\"@type\":\"ReadAction\",\"target\":[\"https:\/\/downgalicia.org\/es\/programas\/sindrome-de-down-en-adultos\/\"]}]},{\"@type\":\"ImageObject\",\"inLanguage\":\"es\",\"@id\":\"https:\/\/downgalicia.org\/es\/programas\/sindrome-de-down-en-adultos\/#primaryimage\",\"url\":\"https:\/\/downgalicia.org\/wp-content\/uploads\/2024\/10\/down-galicia-programa-vida-adulta-001.jpg\",\"contentUrl\":\"https:\/\/downgalicia.org\/wp-content\/uploads\/2024\/10\/down-galicia-programa-vida-adulta-001.jpg\"},{\"@type\":\"BreadcrumbList\",\"@id\":\"https:\/\/downgalicia.org\/es\/programas\/sindrome-de-down-en-adultos\/#breadcrumb\",\"itemListElement\":[{\"@type\":\"ListItem\",\"position\":1,\"name\":\"Portada\",\"item\":\"https:\/\/downgalicia.org\/es\/\"},{\"@type\":\"ListItem\",\"position\":2,\"name\":\"Programas de Down Galicia\",\"item\":\"https:\/\/downgalicia.org\/es\/programas\/\"},{\"@type\":\"ListItem\",\"position\":3,\"name\":\"Programas para personas adultas con s\u00edndrome de Down\"}]},{\"@type\":\"WebSite\",\"@id\":\"https:\/\/downgalicia.org\/es\/#website\",\"url\":\"https:\/\/downgalicia.org\/es\/\",\"name\":\"Federaci\u00f3n Down Galicia\",\"description\":\"Apoio a persoas con S\u00edndrome de Down\",\"publisher\":{\"@id\":\"https:\/\/downgalicia.org\/es\/#organization\"},\"potentialAction\":[{\"@type\":\"SearchAction\",\"target\":{\"@type\":\"EntryPoint\",\"urlTemplate\":\"https:\/\/downgalicia.org\/es\/?s={search_term_string}\"},\"query-input\":{\"@type\":\"PropertyValueSpecification\",\"valueRequired\":true,\"valueName\":\"search_term_string\"}}],\"inLanguage\":\"es\"},{\"@type\":\"Organization\",\"@id\":\"https:\/\/downgalicia.org\/es\/#organization\",\"name\":\"Federaci\u00f3n Down Galicia\",\"url\":\"https:\/\/downgalicia.org\/es\/\",\"logo\":{\"@type\":\"ImageObject\",\"inLanguage\":\"es\",\"@id\":\"https:\/\/downgalicia.org\/es\/#\/schema\/logo\/image\/\",\"url\":\"https:\/\/downgalicia.org\/wp-content\/uploads\/2024\/07\/logo-sindrome-down-color.svg\",\"contentUrl\":\"https:\/\/downgalicia.org\/wp-content\/uploads\/2024\/07\/logo-sindrome-down-color.svg\",\"width\":271,\"height\":88,\"caption\":\"Federaci\u00f3n Down Galicia\"},\"image\":{\"@id\":\"https:\/\/downgalicia.org\/es\/#\/schema\/logo\/image\/\"}}]}<\/script>\n<!-- \/ Yoast SEO plugin. -->","yoast_head_json":{"title":"S\u00edndrome de Down en Adultos &#8226; Programas y Actividades","description":"Nuestro programa de s\u00edndrome de Down en personas adultas. Oportunidades de emancipaci\u00f3n para que adquieran el control sobre su propia vida.","robots":{"index":"index","follow":"follow","max-snippet":"max-snippet:-1","max-image-preview":"max-image-preview:large","max-video-preview":"max-video-preview:-1"},"canonical":"https:\/\/downgalicia.org\/es\/programas\/sindrome-de-down-en-adultos\/","og_locale":"es_ES","og_type":"article","og_title":"S\u00edndrome de Down en Adultos &#8226; Programas y Actividades","og_description":"Nuestro programa de s\u00edndrome de Down en personas adultas. Oportunidades de emancipaci\u00f3n para que adquieran el control sobre su propia vida.","og_url":"https:\/\/downgalicia.org\/es\/programas\/sindrome-de-down-en-adultos\/","og_site_name":"Federaci\u00f3n Down Galicia","article_modified_time":"2025-07-23T14:45:05+00:00","og_image":[{"width":800,"height":881,"url":"https:\/\/downgalicia.org\/wp-content\/uploads\/2024\/10\/down-galicia-programa-vida-adulta-001.jpg","type":"image\/jpeg"}],"twitter_card":"summary_large_image","twitter_misc":{"Tiempo de lectura":"1 minuto"},"schema":{"@context":"https:\/\/schema.org","@graph":[{"@type":"WebPage","@id":"https:\/\/downgalicia.org\/es\/programas\/sindrome-de-down-en-adultos\/","url":"https:\/\/downgalicia.org\/es\/programas\/sindrome-de-down-en-adultos\/","name":"S\u00edndrome de Down en Adultos &#8226; Programas y Actividades","isPartOf":{"@id":"https:\/\/downgalicia.org\/es\/#website"},"primaryImageOfPage":{"@id":"https:\/\/downgalicia.org\/es\/programas\/sindrome-de-down-en-adultos\/#primaryimage"},"image":{"@id":"https:\/\/downgalicia.org\/es\/programas\/sindrome-de-down-en-adultos\/#primaryimage"},"thumbnailUrl":"https:\/\/downgalicia.org\/wp-content\/uploads\/2024\/10\/down-galicia-programa-vida-adulta-001.jpg","datePublished":"2024-07-01T10:05:12+00:00","dateModified":"2025-07-23T14:45:05+00:00","description":"Nuestro programa de s\u00edndrome de Down en personas adultas. Oportunidades de emancipaci\u00f3n para que adquieran el control sobre su propia vida.","breadcrumb":{"@id":"https:\/\/downgalicia.org\/es\/programas\/sindrome-de-down-en-adultos\/#breadcrumb"},"inLanguage":"es","potentialAction":[{"@type":"ReadAction","target":["https:\/\/downgalicia.org\/es\/programas\/sindrome-de-down-en-adultos\/"]}]},{"@type":"ImageObject","inLanguage":"es","@id":"https:\/\/downgalicia.org\/es\/programas\/sindrome-de-down-en-adultos\/#primaryimage","url":"https:\/\/downgalicia.org\/wp-content\/uploads\/2024\/10\/down-galicia-programa-vida-adulta-001.jpg","contentUrl":"https:\/\/downgalicia.org\/wp-content\/uploads\/2024\/10\/down-galicia-programa-vida-adulta-001.jpg"},{"@type":"BreadcrumbList","@id":"https:\/\/downgalicia.org\/es\/programas\/sindrome-de-down-en-adultos\/#breadcrumb","itemListElement":[{"@type":"ListItem","position":1,"name":"Portada","item":"https:\/\/downgalicia.org\/es\/"},{"@type":"ListItem","position":2,"name":"Programas de Down Galicia","item":"https:\/\/downgalicia.org\/es\/programas\/"},{"@type":"ListItem","position":3,"name":"Programas para personas adultas con s\u00edndrome de Down"}]},{"@type":"WebSite","@id":"https:\/\/downgalicia.org\/es\/#website","url":"https:\/\/downgalicia.org\/es\/","name":"Federaci\u00f3n Down Galicia","description":"Apoio a persoas con S\u00edndrome de Down","publisher":{"@id":"https:\/\/downgalicia.org\/es\/#organization"},"potentialAction":[{"@type":"SearchAction","target":{"@type":"EntryPoint","urlTemplate":"https:\/\/downgalicia.org\/es\/?s={search_term_string}"},"query-input":{"@type":"PropertyValueSpecification","valueRequired":true,"valueName":"search_term_string"}}],"inLanguage":"es"},{"@type":"Organization","@id":"https:\/\/downgalicia.org\/es\/#organization","name":"Federaci\u00f3n Down Galicia","url":"https:\/\/downgalicia.org\/es\/","logo":{"@type":"ImageObject","inLanguage":"es","@id":"https:\/\/downgalicia.org\/es\/#\/schema\/logo\/image\/","url":"https:\/\/downgalicia.org\/wp-content\/uploads\/2024\/07\/logo-sindrome-down-color.svg","contentUrl":"https:\/\/downgalicia.org\/wp-content\/uploads\/2024\/07\/logo-sindrome-down-color.svg","width":271,"height":88,"caption":"Federaci\u00f3n Down Galicia"},"image":{"@id":"https:\/\/downgalicia.org\/es\/#\/schema\/logo\/image\/"}}]}},"campaignId":"","_links":{"self":[{"href":"https:\/\/downgalicia.org\/es\/wp-json\/wp\/v2\/pages\/3250","targetHints":{"allow":["GET"]}}],"collection":[{"href":"https:\/\/downgalicia.org\/es\/wp-json\/wp\/v2\/pages"}],"about":[{"href":"https:\/\/downgalicia.org\/es\/wp-json\/wp\/v2\/types\/page"}],"author":[{"embeddable":true,"href":"https:\/\/downgalicia.org\/es\/wp-json\/wp\/v2\/users\/1"}],"replies":[{"embeddable":true,"href":"https:\/\/downgalicia.org\/es\/wp-json\/wp\/v2\/comments?post=3250"}],"version-history":[{"count":7,"href":"https:\/\/downgalicia.org\/es\/wp-json\/wp\/v2\/pages\/3250\/revisions"}],"predecessor-version":[{"id":10013,"href":"https:\/\/downgalicia.org\/es\/wp-json\/wp\/v2\/pages\/3250\/revisions\/10013"}],"up":[{"embeddable":true,"href":"https:\/\/downgalicia.org\/es\/wp-json\/wp\/v2\/pages\/3259"}],"wp:attachment":[{"href":"https:\/\/downgalicia.org\/es\/wp-json\/wp\/v2\/media?parent=3250"}],"curies":[{"name":"wp","href":"https:\/\/api.w.org\/{rel}","templated":true}]}}