{"id":3254,"date":"2024-07-01T12:04:14","date_gmt":"2024-07-01T10:04:14","guid":{"rendered":"http:\/\/downgalicia.org.136-144-253-96.136-144-253-96.visualpublinet.com\/atencion-temprana-sindrome-de-down\/"},"modified":"2025-07-23T16:20:21","modified_gmt":"2025-07-23T14:20:21","slug":"atencion-temprana-sindrome-de-down","status":"publish","type":"page","link":"https:\/\/downgalicia.org\/es\/programas\/atencion-temprana-sindrome-de-down\/","title":{"rendered":"Atenci\u00f3n temprana en ni\u00f1os y ni\u00f1as con s\u00edndrome de Down"},"content":{"rendered":"\t\t<div data-elementor-type=\"wp-page\" data-elementor-id=\"3254\" class=\"elementor elementor-3254 elementor-59\" data-elementor-post-type=\"page\">\n\t\t\t\t<div class=\"elementor-element elementor-element-0d96fe5 e-con-full e-flex e-con e-parent\" data-id=\"0d96fe5\" data-element_type=\"container\">\n\t\t\t\t<div class=\"elementor-element elementor-element-7ec4f9f elementor-widget elementor-widget-template\" data-id=\"7ec4f9f\" data-element_type=\"widget\" data-widget_type=\"template.default\">\n\t\t\t\t<div class=\"elementor-widget-container\">\n\t\t\t\t\t\t\t<div class=\"elementor-template\">\n\t\t\t\t\t<div data-elementor-type=\"section\" data-elementor-id=\"3274\" class=\"elementor elementor-3274 elementor-371\" data-elementor-post-type=\"elementor_library\">\n\t\t\t<div class=\"elementor-element elementor-element-5573fbc e-flex e-con-boxed e-con e-parent\" data-id=\"5573fbc\" data-element_type=\"container\" data-settings=\"{&quot;background_background&quot;:&quot;classic&quot;}\">\n\t\t\t\t\t<div class=\"e-con-inner\">\n\t\t\t\t<div class=\"elementor-element elementor-element-cf91f8f elementor-align-left elementor-hidden-mobile_extra elementor-hidden-mobile elementor-widget elementor-widget-breadcrumbs\" data-id=\"cf91f8f\" data-element_type=\"widget\" data-widget_type=\"breadcrumbs.default\">\n\t\t\t\t<div class=\"elementor-widget-container\">\n\t\t\t\t\t<p id=\"breadcrumbs\"><span><span><a href=\"https:\/\/downgalicia.org\/es\/\">Portada<\/a><\/span><\/span><\/p>\t\t\t\t<\/div>\n\t\t\t\t<\/div>\n\t\t\t\t\t<\/div>\n\t\t\t\t<\/div>\n\t\t\t\t<\/div>\n\t\t\t\t<\/div>\n\t\t\t\t\t\t<\/div>\n\t\t\t\t<\/div>\n\t\t\t\t<\/div>\n\t\t<div class=\"elementor-element elementor-element-f6df58a e-flex e-con-boxed e-con e-parent\" data-id=\"f6df58a\" data-element_type=\"container\">\n\t\t\t\t\t<div class=\"e-con-inner\">\n\t\t<div class=\"elementor-element elementor-element-59e596f e-con-full e-flex e-con e-child\" data-id=\"59e596f\" data-element_type=\"container\">\n\t\t\t\t<div class=\"elementor-element elementor-element-41d7e16 elementor-widget elementor-widget-image\" data-id=\"41d7e16\" data-element_type=\"widget\" data-widget_type=\"image.default\">\n\t\t\t\t<div class=\"elementor-widget-container\">\n\t\t\t\t\t\t\t\t\t\t\t\t\t\t\t<img fetchpriority=\"high\" decoding=\"async\" width=\"800\" height=\"881\" src=\"https:\/\/downgalicia.org\/wp-content\/uploads\/2024\/10\/down-galicia-programa-atencion-tempera-001.jpg\" class=\"attachment-full size-full wp-image-3081\" alt=\"Atenci\u00f3n temprana en s\u00edndrome de Down\" srcset=\"https:\/\/downgalicia.org\/wp-content\/uploads\/2024\/10\/down-galicia-programa-atencion-tempera-001.jpg 800w, https:\/\/downgalicia.org\/wp-content\/uploads\/2024\/10\/down-galicia-programa-atencion-tempera-001-272x300.jpg 272w, https:\/\/downgalicia.org\/wp-content\/uploads\/2024\/10\/down-galicia-programa-atencion-tempera-001-768x846.jpg 768w\" sizes=\"(max-width: 800px) 100vw, 800px\" \/>\t\t\t\t\t\t\t\t\t\t\t\t\t\t\t<\/div>\n\t\t\t\t<\/div>\n\t\t\t\t<\/div>\n\t\t<div class=\"elementor-element elementor-element-6e85953 e-con-full e-flex e-con e-child\" data-id=\"6e85953\" data-element_type=\"container\">\n\t\t<div class=\"elementor-element elementor-element-e72710c e-con-full e-flex e-con e-child\" data-id=\"e72710c\" data-element_type=\"container\">\n\t\t\t\t<div class=\"elementor-element elementor-element-40826f4 elementor-widget elementor-widget-heading\" data-id=\"40826f4\" data-element_type=\"widget\" data-widget_type=\"heading.default\">\n\t\t\t\t<div class=\"elementor-widget-container\">\n\t\t\t\t\t<h2 class=\"elementor-heading-title elementor-size-default\">Nuestros programas de atenci\u00f3n temprana<\/h2>\t\t\t\t<\/div>\n\t\t\t\t<\/div>\n\t\t\t\t<div class=\"elementor-element elementor-element-167cfaf elementor-widget elementor-widget-text-editor\" data-id=\"167cfaf\" data-element_type=\"widget\" data-widget_type=\"text-editor.default\">\n\t\t\t\t<div class=\"elementor-widget-container\">\n\t\t\t\t\t\t\t\t\t<p>El <strong>Programa de Atenci\u00f3n Temprana<\/strong> promueve el desarrollo motor, cognitivo, social y del lenguaje en beb\u00e9s con s\u00edndrome de Down y discapacidad intelectual en sus primeros a\u00f1os de vida, a la vez que apoya y orienta a los padres y madres para fomentar su autonom\u00eda en el entorno familiar.<\/p><p>Para garantizar el \u00e9xito de este programa, trabajamos para conseguir una verdadera implicaci\u00f3n de la familia, principal apoyo y medio de estimulaci\u00f3n del ni\u00f1o o ni\u00f1a, adem\u00e1s de su principal v\u00ednculo con el mundo que le rodea. Todas las entidades Down en Galicia trabajan de la mano de profesionales expertos para garantizar la excelencia en la atenci\u00f3n a los m\u00e1s peque\u00f1os y a las m\u00e1s peque\u00f1as su adecuado desarrollo psicomotor, cognitivo, ling\u00fc\u00edstico y socioafectivo.<\/p>\t\t\t\t\t\t\t\t<\/div>\n\t\t\t\t<\/div>\n\t\t<div class=\"elementor-element elementor-element-f3c437f e-con-full e-flex e-con e-child\" data-id=\"f3c437f\" data-element_type=\"container\">\n\t\t<div class=\"elementor-element elementor-element-00efc1b e-con-full e-flex e-con e-child\" data-id=\"00efc1b\" data-element_type=\"container\">\n\t\t\t\t<div class=\"elementor-element elementor-element-5d16ce6 elementor-position-left elementor-vertical-align-middle elementor-view-default elementor-mobile-position-top elementor-widget elementor-widget-icon-box\" data-id=\"5d16ce6\" data-element_type=\"widget\" data-widget_type=\"icon-box.default\">\n\t\t\t\t<div class=\"elementor-widget-container\">\n\t\t\t\t\t\t\t<div class=\"elementor-icon-box-wrapper\">\n\n\t\t\t\t\t\t<div class=\"elementor-icon-box-icon\">\n\t\t\t\t<span  class=\"elementor-icon\">\n\t\t\t\t<svg aria-hidden=\"true\" class=\"e-font-icon-svg e-fas-circle\" viewBox=\"0 0 512 512\" xmlns=\"http:\/\/www.w3.org\/2000\/svg\"><path d=\"M256 8C119 8 8 119 8 256s111 248 248 248 248-111 248-248S393 8 256 8z\"><\/path><\/svg>\t\t\t\t<\/span>\n\t\t\t<\/div>\n\t\t\t\n\t\t\t\t\t\t<div class=\"elementor-icon-box-content\">\n\n\t\t\t\t\t\t\t\t\t<h3 class=\"elementor-icon-box-title\">\n\t\t\t\t\t\t<span  >\n\t\t\t\t\t\t\tAcogida\t\t\t\t\t\t<\/span>\n\t\t\t\t\t<\/h3>\n\t\t\t\t\n\t\t\t\t\n\t\t\t<\/div>\n\t\t\t\n\t\t<\/div>\n\t\t\t\t\t\t<\/div>\n\t\t\t\t<\/div>\n\t\t\t\t<div class=\"elementor-element elementor-element-5b68cca elementor-position-left elementor-vertical-align-middle elementor-view-default elementor-mobile-position-top elementor-widget elementor-widget-icon-box\" data-id=\"5b68cca\" data-element_type=\"widget\" data-widget_type=\"icon-box.default\">\n\t\t\t\t<div class=\"elementor-widget-container\">\n\t\t\t\t\t\t\t<div class=\"elementor-icon-box-wrapper\">\n\n\t\t\t\t\t\t<div class=\"elementor-icon-box-icon\">\n\t\t\t\t<span  class=\"elementor-icon\">\n\t\t\t\t<svg aria-hidden=\"true\" class=\"e-font-icon-svg e-fas-circle\" viewBox=\"0 0 512 512\" xmlns=\"http:\/\/www.w3.org\/2000\/svg\"><path d=\"M256 8C119 8 8 119 8 256s111 248 248 248 248-111 248-248S393 8 256 8z\"><\/path><\/svg>\t\t\t\t<\/span>\n\t\t\t<\/div>\n\t\t\t\n\t\t\t\t\t\t<div class=\"elementor-icon-box-content\">\n\n\t\t\t\t\t\t\t\t\t<h3 class=\"elementor-icon-box-title\">\n\t\t\t\t\t\t<span  >\n\t\t\t\t\t\t\tAtenci\u00f3n temprana\t\t\t\t\t\t<\/span>\n\t\t\t\t\t<\/h3>\n\t\t\t\t\n\t\t\t\t\n\t\t\t<\/div>\n\t\t\t\n\t\t<\/div>\n\t\t\t\t\t\t<\/div>\n\t\t\t\t<\/div>\n\t\t\t\t<div class=\"elementor-element elementor-element-a64bd46 elementor-position-left elementor-vertical-align-middle elementor-view-default elementor-mobile-position-top elementor-widget elementor-widget-icon-box\" data-id=\"a64bd46\" data-element_type=\"widget\" data-widget_type=\"icon-box.default\">\n\t\t\t\t<div class=\"elementor-widget-container\">\n\t\t\t\t\t\t\t<div class=\"elementor-icon-box-wrapper\">\n\n\t\t\t\t\t\t<div class=\"elementor-icon-box-icon\">\n\t\t\t\t<span  class=\"elementor-icon\">\n\t\t\t\t<svg aria-hidden=\"true\" class=\"e-font-icon-svg e-fas-circle\" viewBox=\"0 0 512 512\" xmlns=\"http:\/\/www.w3.org\/2000\/svg\"><path d=\"M256 8C119 8 8 119 8 256s111 248 248 248 248-111 248-248S393 8 256 8z\"><\/path><\/svg>\t\t\t\t<\/span>\n\t\t\t<\/div>\n\t\t\t\n\t\t\t\t\t\t<div class=\"elementor-icon-box-content\">\n\n\t\t\t\t\t\t\t\t\t<h3 class=\"elementor-icon-box-title\">\n\t\t\t\t\t\t<span  >\n\t\t\t\t\t\t\tCoordinaci\u00f3n con el entorno\t\t\t\t\t\t<\/span>\n\t\t\t\t\t<\/h3>\n\t\t\t\t\n\t\t\t\t\n\t\t\t<\/div>\n\t\t\t\n\t\t<\/div>\n\t\t\t\t\t\t<\/div>\n\t\t\t\t<\/div>\n\t\t\t\t<\/div>\n\t\t\t\t<div class=\"elementor-element elementor-element-eb11a87 elementor-widget elementor-widget-button\" data-id=\"eb11a87\" data-element_type=\"widget\" data-widget_type=\"button.default\">\n\t\t\t\t<div class=\"elementor-widget-container\">\n\t\t\t\t\t\t\t\t\t<div class=\"elementor-button-wrapper\">\n\t\t\t\t\t<a class=\"elementor-button elementor-button-link elementor-size-sm\" href=\"\/wp-content\/uploads\/2025\/05\/Diptico-AT-Web-Castelan.pdf\" target=\"_blank\">\n\t\t\t\t\t\t<span class=\"elementor-button-content-wrapper\">\n\t\t\t\t\t\t\t\t\t<span class=\"elementor-button-text\">Consulta el folleto sobre el servicio de atenci\u00f3n temprana de Down Galicia<\/span>\n\t\t\t\t\t<\/span>\n\t\t\t\t\t<\/a>\n\t\t\t\t<\/div>\n\t\t\t\t\t\t\t\t<\/div>\n\t\t\t\t<\/div>\n\t\t\t\t<\/div>\n\t\t\t\t<\/div>\n\t\t\t\t<\/div>\n\t\t\t\t\t<\/div>\n\t\t\t\t<\/div>\n\t\t\t\t<\/div>\n\t\t","protected":false},"excerpt":{"rendered":"<p>Nuestros programas de atenci\u00f3n temprana El Programa de Atenci\u00f3n Temprana promueve el desarrollo motor, cognitivo, social y del lenguaje en beb\u00e9s con s\u00edndrome de Down y discapacidad intelectual en sus [&hellip;]<\/p>\n","protected":false},"author":1,"featured_media":0,"parent":3259,"menu_order":0,"comment_status":"closed","ping_status":"closed","template":"","meta":{"_acf_changed":false,"give_campaign_id":0,"footnotes":""},"class_list":["post-3254","page","type-page","status-publish","hentry"],"acf":[],"yoast_head":"<!-- This site is optimized with the Yoast SEO plugin v25.3.1 - https:\/\/yoast.com\/wordpress\/plugins\/seo\/ -->\n<title>Atenci\u00f3n Temprana S\u00edndrome de Down &#8226; Programas<\/title>\n<meta name=\"description\" content=\"Programas de atenci\u00f3n temprana en s\u00edndrome de Down para favorecer el desarrollo motor, cognitivo y social. Apoyo y orientaci\u00f3n a familias.\" \/>\n<meta name=\"robots\" content=\"index, follow, max-snippet:-1, max-image-preview:large, max-video-preview:-1\" \/>\n<link rel=\"canonical\" href=\"https:\/\/downgalicia.org\/es\/programas\/atencion-temprana-sindrome-de-down\/\" \/>\n<meta property=\"og:locale\" content=\"es_ES\" \/>\n<meta property=\"og:type\" content=\"article\" \/>\n<meta property=\"og:title\" content=\"Atenci\u00f3n Temprana S\u00edndrome de Down &#8226; Programas\" \/>\n<meta property=\"og:description\" content=\"Programas de atenci\u00f3n temprana en s\u00edndrome de Down para favorecer el desarrollo motor, cognitivo y social. Apoyo y orientaci\u00f3n a familias.\" \/>\n<meta property=\"og:url\" content=\"https:\/\/downgalicia.org\/es\/programas\/atencion-temprana-sindrome-de-down\/\" \/>\n<meta property=\"og:site_name\" content=\"Federaci\u00f3n Down Galicia\" \/>\n<meta property=\"article:modified_time\" content=\"2025-07-23T14:20:21+00:00\" \/>\n<meta property=\"og:image\" content=\"https:\/\/downgalicia.org\/wp-content\/uploads\/2024\/10\/down-galicia-programa-atencion-tempera-001.jpg\" \/>\n\t<meta property=\"og:image:width\" content=\"800\" \/>\n\t<meta property=\"og:image:height\" content=\"881\" \/>\n\t<meta property=\"og:image:type\" content=\"image\/jpeg\" \/>\n<meta name=\"twitter:card\" content=\"summary_large_image\" \/>\n<meta name=\"twitter:label1\" content=\"Tiempo de lectura\" \/>\n\t<meta name=\"twitter:data1\" content=\"1 minuto\" \/>\n<script type=\"application\/ld+json\" class=\"yoast-schema-graph\">{\"@context\":\"https:\/\/schema.org\",\"@graph\":[{\"@type\":\"WebPage\",\"@id\":\"https:\/\/downgalicia.org\/es\/programas\/atencion-temprana-sindrome-de-down\/\",\"url\":\"https:\/\/downgalicia.org\/es\/programas\/atencion-temprana-sindrome-de-down\/\",\"name\":\"Atenci\u00f3n Temprana S\u00edndrome de Down &#8226; Programas\",\"isPartOf\":{\"@id\":\"https:\/\/downgalicia.org\/es\/#website\"},\"primaryImageOfPage\":{\"@id\":\"https:\/\/downgalicia.org\/es\/programas\/atencion-temprana-sindrome-de-down\/#primaryimage\"},\"image\":{\"@id\":\"https:\/\/downgalicia.org\/es\/programas\/atencion-temprana-sindrome-de-down\/#primaryimage\"},\"thumbnailUrl\":\"https:\/\/downgalicia.org\/wp-content\/uploads\/2024\/10\/down-galicia-programa-atencion-tempera-001.jpg\",\"datePublished\":\"2024-07-01T10:04:14+00:00\",\"dateModified\":\"2025-07-23T14:20:21+00:00\",\"description\":\"Programas de atenci\u00f3n temprana en s\u00edndrome de Down para favorecer el desarrollo motor, cognitivo y social. Apoyo y orientaci\u00f3n a familias.\",\"breadcrumb\":{\"@id\":\"https:\/\/downgalicia.org\/es\/programas\/atencion-temprana-sindrome-de-down\/#breadcrumb\"},\"inLanguage\":\"es\",\"potentialAction\":[{\"@type\":\"ReadAction\",\"target\":[\"https:\/\/downgalicia.org\/es\/programas\/atencion-temprana-sindrome-de-down\/\"]}]},{\"@type\":\"ImageObject\",\"inLanguage\":\"es\",\"@id\":\"https:\/\/downgalicia.org\/es\/programas\/atencion-temprana-sindrome-de-down\/#primaryimage\",\"url\":\"https:\/\/downgalicia.org\/wp-content\/uploads\/2024\/10\/down-galicia-programa-atencion-tempera-001.jpg\",\"contentUrl\":\"https:\/\/downgalicia.org\/wp-content\/uploads\/2024\/10\/down-galicia-programa-atencion-tempera-001.jpg\"},{\"@type\":\"BreadcrumbList\",\"@id\":\"https:\/\/downgalicia.org\/es\/programas\/atencion-temprana-sindrome-de-down\/#breadcrumb\",\"itemListElement\":[{\"@type\":\"ListItem\",\"position\":1,\"name\":\"Portada\",\"item\":\"https:\/\/downgalicia.org\/es\/\"},{\"@type\":\"ListItem\",\"position\":2,\"name\":\"Programas de Down Galicia\",\"item\":\"https:\/\/downgalicia.org\/es\/programas\/\"},{\"@type\":\"ListItem\",\"position\":3,\"name\":\"Atenci\u00f3n temprana en ni\u00f1os y ni\u00f1as con s\u00edndrome de Down\"}]},{\"@type\":\"WebSite\",\"@id\":\"https:\/\/downgalicia.org\/es\/#website\",\"url\":\"https:\/\/downgalicia.org\/es\/\",\"name\":\"Federaci\u00f3n Down Galicia\",\"description\":\"Apoio a persoas con S\u00edndrome de Down\",\"publisher\":{\"@id\":\"https:\/\/downgalicia.org\/es\/#organization\"},\"potentialAction\":[{\"@type\":\"SearchAction\",\"target\":{\"@type\":\"EntryPoint\",\"urlTemplate\":\"https:\/\/downgalicia.org\/es\/?s={search_term_string}\"},\"query-input\":{\"@type\":\"PropertyValueSpecification\",\"valueRequired\":true,\"valueName\":\"search_term_string\"}}],\"inLanguage\":\"es\"},{\"@type\":\"Organization\",\"@id\":\"https:\/\/downgalicia.org\/es\/#organization\",\"name\":\"Federaci\u00f3n Down Galicia\",\"url\":\"https:\/\/downgalicia.org\/es\/\",\"logo\":{\"@type\":\"ImageObject\",\"inLanguage\":\"es\",\"@id\":\"https:\/\/downgalicia.org\/es\/#\/schema\/logo\/image\/\",\"url\":\"https:\/\/downgalicia.org\/wp-content\/uploads\/2024\/07\/logo-sindrome-down-color.svg\",\"contentUrl\":\"https:\/\/downgalicia.org\/wp-content\/uploads\/2024\/07\/logo-sindrome-down-color.svg\",\"width\":271,\"height\":88,\"caption\":\"Federaci\u00f3n Down Galicia\"},\"image\":{\"@id\":\"https:\/\/downgalicia.org\/es\/#\/schema\/logo\/image\/\"}}]}<\/script>\n<!-- \/ Yoast SEO plugin. -->","yoast_head_json":{"title":"Atenci\u00f3n Temprana S\u00edndrome de Down &#8226; Programas","description":"Programas de atenci\u00f3n temprana en s\u00edndrome de Down para favorecer el desarrollo motor, cognitivo y social. Apoyo y orientaci\u00f3n a familias.","robots":{"index":"index","follow":"follow","max-snippet":"max-snippet:-1","max-image-preview":"max-image-preview:large","max-video-preview":"max-video-preview:-1"},"canonical":"https:\/\/downgalicia.org\/es\/programas\/atencion-temprana-sindrome-de-down\/","og_locale":"es_ES","og_type":"article","og_title":"Atenci\u00f3n Temprana S\u00edndrome de Down &#8226; Programas","og_description":"Programas de atenci\u00f3n temprana en s\u00edndrome de Down para favorecer el desarrollo motor, cognitivo y social. Apoyo y orientaci\u00f3n a familias.","og_url":"https:\/\/downgalicia.org\/es\/programas\/atencion-temprana-sindrome-de-down\/","og_site_name":"Federaci\u00f3n Down Galicia","article_modified_time":"2025-07-23T14:20:21+00:00","og_image":[{"width":800,"height":881,"url":"https:\/\/downgalicia.org\/wp-content\/uploads\/2024\/10\/down-galicia-programa-atencion-tempera-001.jpg","type":"image\/jpeg"}],"twitter_card":"summary_large_image","twitter_misc":{"Tiempo de lectura":"1 minuto"},"schema":{"@context":"https:\/\/schema.org","@graph":[{"@type":"WebPage","@id":"https:\/\/downgalicia.org\/es\/programas\/atencion-temprana-sindrome-de-down\/","url":"https:\/\/downgalicia.org\/es\/programas\/atencion-temprana-sindrome-de-down\/","name":"Atenci\u00f3n Temprana S\u00edndrome de Down &#8226; Programas","isPartOf":{"@id":"https:\/\/downgalicia.org\/es\/#website"},"primaryImageOfPage":{"@id":"https:\/\/downgalicia.org\/es\/programas\/atencion-temprana-sindrome-de-down\/#primaryimage"},"image":{"@id":"https:\/\/downgalicia.org\/es\/programas\/atencion-temprana-sindrome-de-down\/#primaryimage"},"thumbnailUrl":"https:\/\/downgalicia.org\/wp-content\/uploads\/2024\/10\/down-galicia-programa-atencion-tempera-001.jpg","datePublished":"2024-07-01T10:04:14+00:00","dateModified":"2025-07-23T14:20:21+00:00","description":"Programas de atenci\u00f3n temprana en s\u00edndrome de Down para favorecer el desarrollo motor, cognitivo y social. Apoyo y orientaci\u00f3n a familias.","breadcrumb":{"@id":"https:\/\/downgalicia.org\/es\/programas\/atencion-temprana-sindrome-de-down\/#breadcrumb"},"inLanguage":"es","potentialAction":[{"@type":"ReadAction","target":["https:\/\/downgalicia.org\/es\/programas\/atencion-temprana-sindrome-de-down\/"]}]},{"@type":"ImageObject","inLanguage":"es","@id":"https:\/\/downgalicia.org\/es\/programas\/atencion-temprana-sindrome-de-down\/#primaryimage","url":"https:\/\/downgalicia.org\/wp-content\/uploads\/2024\/10\/down-galicia-programa-atencion-tempera-001.jpg","contentUrl":"https:\/\/downgalicia.org\/wp-content\/uploads\/2024\/10\/down-galicia-programa-atencion-tempera-001.jpg"},{"@type":"BreadcrumbList","@id":"https:\/\/downgalicia.org\/es\/programas\/atencion-temprana-sindrome-de-down\/#breadcrumb","itemListElement":[{"@type":"ListItem","position":1,"name":"Portada","item":"https:\/\/downgalicia.org\/es\/"},{"@type":"ListItem","position":2,"name":"Programas de Down Galicia","item":"https:\/\/downgalicia.org\/es\/programas\/"},{"@type":"ListItem","position":3,"name":"Atenci\u00f3n temprana en ni\u00f1os y ni\u00f1as con s\u00edndrome de Down"}]},{"@type":"WebSite","@id":"https:\/\/downgalicia.org\/es\/#website","url":"https:\/\/downgalicia.org\/es\/","name":"Federaci\u00f3n Down Galicia","description":"Apoio a persoas con S\u00edndrome de Down","publisher":{"@id":"https:\/\/downgalicia.org\/es\/#organization"},"potentialAction":[{"@type":"SearchAction","target":{"@type":"EntryPoint","urlTemplate":"https:\/\/downgalicia.org\/es\/?s={search_term_string}"},"query-input":{"@type":"PropertyValueSpecification","valueRequired":true,"valueName":"search_term_string"}}],"inLanguage":"es"},{"@type":"Organization","@id":"https:\/\/downgalicia.org\/es\/#organization","name":"Federaci\u00f3n Down Galicia","url":"https:\/\/downgalicia.org\/es\/","logo":{"@type":"ImageObject","inLanguage":"es","@id":"https:\/\/downgalicia.org\/es\/#\/schema\/logo\/image\/","url":"https:\/\/downgalicia.org\/wp-content\/uploads\/2024\/07\/logo-sindrome-down-color.svg","contentUrl":"https:\/\/downgalicia.org\/wp-content\/uploads\/2024\/07\/logo-sindrome-down-color.svg","width":271,"height":88,"caption":"Federaci\u00f3n Down Galicia"},"image":{"@id":"https:\/\/downgalicia.org\/es\/#\/schema\/logo\/image\/"}}]}},"campaignId":"","_links":{"self":[{"href":"https:\/\/downgalicia.org\/es\/wp-json\/wp\/v2\/pages\/3254","targetHints":{"allow":["GET"]}}],"collection":[{"href":"https:\/\/downgalicia.org\/es\/wp-json\/wp\/v2\/pages"}],"about":[{"href":"https:\/\/downgalicia.org\/es\/wp-json\/wp\/v2\/types\/page"}],"author":[{"embeddable":true,"href":"https:\/\/downgalicia.org\/es\/wp-json\/wp\/v2\/users\/1"}],"replies":[{"embeddable":true,"href":"https:\/\/downgalicia.org\/es\/wp-json\/wp\/v2\/comments?post=3254"}],"version-history":[{"count":11,"href":"https:\/\/downgalicia.org\/es\/wp-json\/wp\/v2\/pages\/3254\/revisions"}],"predecessor-version":[{"id":9992,"href":"https:\/\/downgalicia.org\/es\/wp-json\/wp\/v2\/pages\/3254\/revisions\/9992"}],"up":[{"embeddable":true,"href":"https:\/\/downgalicia.org\/es\/wp-json\/wp\/v2\/pages\/3259"}],"wp:attachment":[{"href":"https:\/\/downgalicia.org\/es\/wp-json\/wp\/v2\/media?parent=3254"}],"curies":[{"name":"wp","href":"https:\/\/api.w.org\/{rel}","templated":true}]}}