{"id":3257,"date":"2024-07-01T11:59:32","date_gmt":"2024-07-01T09:59:32","guid":{"rendered":"http:\/\/downgalicia.org.136-144-253-96.136-144-253-96.visualpublinet.com\/contacto\/"},"modified":"2025-07-18T10:47:59","modified_gmt":"2025-07-18T08:47:59","slug":"contacto","status":"publish","type":"page","link":"https:\/\/downgalicia.org\/es\/contacto\/","title":{"rendered":"Contacto y ayuda para personas con s\u00edndrome de Down"},"content":{"rendered":"\t\t<div data-elementor-type=\"wp-page\" data-elementor-id=\"3257\" class=\"elementor elementor-3257 elementor-50\" data-elementor-post-type=\"page\">\n\t\t\t\t<div class=\"elementor-element elementor-element-113d397 e-con-full e-flex e-con e-parent\" data-id=\"113d397\" data-element_type=\"container\">\n\t\t\t\t<div class=\"elementor-element elementor-element-d246548 elementor-widget elementor-widget-template\" data-id=\"d246548\" data-element_type=\"widget\" data-widget_type=\"template.default\">\n\t\t\t\t<div class=\"elementor-widget-container\">\n\t\t\t\t\t\t\t<div class=\"elementor-template\">\n\t\t\t\t\t<div data-elementor-type=\"section\" data-elementor-id=\"3274\" class=\"elementor elementor-3274 elementor-371\" data-elementor-post-type=\"elementor_library\">\n\t\t\t<div class=\"elementor-element elementor-element-5573fbc e-flex e-con-boxed e-con e-parent\" data-id=\"5573fbc\" data-element_type=\"container\" data-settings=\"{&quot;background_background&quot;:&quot;classic&quot;}\">\n\t\t\t\t\t<div class=\"e-con-inner\">\n\t\t\t\t<div class=\"elementor-element elementor-element-cf91f8f elementor-align-left elementor-hidden-mobile_extra elementor-hidden-mobile elementor-widget elementor-widget-breadcrumbs\" data-id=\"cf91f8f\" data-element_type=\"widget\" data-widget_type=\"breadcrumbs.default\">\n\t\t\t\t<div class=\"elementor-widget-container\">\n\t\t\t\t\t<p id=\"breadcrumbs\"><span><span><a href=\"https:\/\/downgalicia.org\/es\/\">Portada<\/a><\/span><\/span><\/p>\t\t\t\t<\/div>\n\t\t\t\t<\/div>\n\t\t\t\t\t<\/div>\n\t\t\t\t<\/div>\n\t\t\t\t<\/div>\n\t\t\t\t<\/div>\n\t\t\t\t\t\t<\/div>\n\t\t\t\t<\/div>\n\t\t\t\t<\/div>\n\t\t<div class=\"elementor-element elementor-element-ee451fc e-flex e-con-boxed e-con e-parent\" data-id=\"ee451fc\" data-element_type=\"container\">\n\t\t\t\t\t<div class=\"e-con-inner\">\n\t\t<div class=\"elementor-element elementor-element-3cf0add e-con-full e-flex e-con e-child\" data-id=\"3cf0add\" data-element_type=\"container\">\n\t\t\t\t<div class=\"elementor-element elementor-element-ad9d7bd elementor-widget elementor-widget-heading\" data-id=\"ad9d7bd\" data-element_type=\"widget\" data-widget_type=\"heading.default\">\n\t\t\t\t<div class=\"elementor-widget-container\">\n\t\t\t\t\t<h2 class=\"elementor-heading-title elementor-size-default\">Buz\u00f3n de escucha activa<\/h2>\t\t\t\t<\/div>\n\t\t\t\t<\/div>\n\t\t\t\t<div class=\"elementor-element elementor-element-9ae6d1e elementor-widget elementor-widget-heading\" data-id=\"9ae6d1e\" data-element_type=\"widget\" data-widget_type=\"heading.default\">\n\t\t\t\t<div class=\"elementor-widget-container\">\n\t\t\t\t\t<h3 class=\"elementor-heading-title elementor-size-default\">\u00a1D\u00e9janos tus sugerencias para mejorar!<\/h3>\t\t\t\t<\/div>\n\t\t\t\t<\/div>\n\t\t\t\t<div class=\"elementor-element elementor-element-92e3128 elementor-widget-divider--separator-type-pattern elementor-widget-divider--view-line elementor-widget elementor-widget-divider\" data-id=\"92e3128\" data-element_type=\"widget\" data-widget_type=\"divider.default\">\n\t\t\t\t<div class=\"elementor-widget-container\">\n\t\t\t\t\t\t\t<div class=\"elementor-divider\" style=\"--divider-pattern-url: url(&quot;data:image\/svg+xml,%3Csvg xmlns=&#039;http:\/\/www.w3.org\/2000\/svg&#039; preserveAspectRatio=&#039;none&#039; overflow=&#039;visible&#039; height=&#039;100%&#039; viewBox=&#039;0 0 24 24&#039; fill=&#039;none&#039; stroke=&#039;black&#039; stroke-width=&#039;2&#039; stroke-linecap=&#039;square&#039; stroke-miterlimit=&#039;10&#039;%3E%3Cpath d=&#039;M0,6c6,0,6,13,12,13S18,6,24,6&#039;\/%3E%3C\/svg%3E&quot;);\">\n\t\t\t<span class=\"elementor-divider-separator\">\n\t\t\t\t\t\t<\/span>\n\t\t<\/div>\n\t\t\t\t\t\t<\/div>\n\t\t\t\t<\/div>\n\t\t\t\t<div class=\"elementor-element elementor-element-a24dc78 elementor-widget elementor-widget-text-editor\" data-id=\"a24dc78\" data-element_type=\"widget\" data-widget_type=\"text-editor.default\">\n\t\t\t\t<div class=\"elementor-widget-container\">\n\t\t\t\t\t\t\t\t\t<p><strong>Federaci\u00f3n Down Galicia<\/strong><\/p><p>R\u00faa Alejandro Novo Gonz\u00e1lez, n\u00ba1<br \/>15706 \u2013 Santiago de Compostela (A Coru\u00f1a)<\/p>\t\t\t\t\t\t\t\t<\/div>\n\t\t\t\t<\/div>\n\t\t\t\t<div class=\"elementor-element elementor-element-685387c elementor-icon-list--layout-traditional elementor-list-item-link-full_width elementor-widget elementor-widget-icon-list\" data-id=\"685387c\" data-element_type=\"widget\" data-widget_type=\"icon-list.default\">\n\t\t\t\t<div class=\"elementor-widget-container\">\n\t\t\t\t\t\t\t<ul class=\"elementor-icon-list-items\">\n\t\t\t\t\t\t\t<li class=\"elementor-icon-list-item\">\n\t\t\t\t\t\t\t\t\t\t\t<a href=\"mailto:downgalicia@downgalicia.org\">\n\n\t\t\t\t\t\t\t\t\t\t\t\t<span class=\"elementor-icon-list-icon\">\n\t\t\t\t\t\t\t<svg xmlns=\"http:\/\/www.w3.org\/2000\/svg\" width=\"16\" height=\"16\" viewBox=\"0 0 16 16\" fill=\"none\"><g clip-path=\"url(#clip0_4001_317)\"><path d=\"M15.9693 3.6947L10.3573 9.3067C9.73158 9.93087 8.88383 10.2814 8 10.2814C7.11617 10.2814 6.26842 9.93087 5.64267 9.3067L0.0306667 3.6947C0.0213333 3.80004 0 3.89537 0 4.00004V12C0.00105857 12.8838 0.352588 13.731 0.97748 14.3559C1.60237 14.9808 2.4496 15.3323 3.33333 15.3334H12.6667C13.5504 15.3323 14.3976 14.9808 15.0225 14.3559C15.6474 13.731 15.9989 12.8838 16 12V4.00004C16 3.89537 15.9787 3.80004 15.9693 3.6947Z\" fill=\"#0081C7\"><\/path><path d=\"M9.41467 8.36396L15.504 2.27396C15.209 1.78484 14.793 1.37998 14.296 1.09845C13.799 0.816908 13.2379 0.668186 12.6667 0.666626H3.33334C2.76215 0.668186 2.201 0.816908 1.70402 1.09845C1.20704 1.37998 0.790988 1.78484 0.496002 2.27396L6.58534 8.36396C6.96105 8.73817 7.46972 8.94827 8 8.94827C8.53028 8.94827 9.03895 8.73817 9.41467 8.36396Z\" fill=\"#0081C7\"><\/path><\/g><defs><clipPath id=\"clip0_4001_317\"><rect width=\"16\" height=\"16\" fill=\"white\"><\/rect><\/clipPath><\/defs><\/svg>\t\t\t\t\t\t<\/span>\n\t\t\t\t\t\t\t\t\t\t<span class=\"elementor-icon-list-text\">downgalicia@downgalicia.org<\/span>\n\t\t\t\t\t\t\t\t\t\t\t<\/a>\n\t\t\t\t\t\t\t\t\t<\/li>\n\t\t\t\t\t\t\t\t<li class=\"elementor-icon-list-item\">\n\t\t\t\t\t\t\t\t\t\t\t<a href=\"tel:+34981581167\">\n\n\t\t\t\t\t\t\t\t\t\t\t\t<span class=\"elementor-icon-list-icon\">\n\t\t\t\t\t\t\t<svg xmlns=\"http:\/\/www.w3.org\/2000\/svg\" width=\"16\" height=\"16\" viewBox=\"0 0 16 16\" fill=\"none\"><g clip-path=\"url(#clip0_4001_328)\"><path d=\"M15.3333 7.33329C15.1565 7.33329 14.987 7.26305 14.8619 7.13802C14.7369 7.013 14.6667 6.84343 14.6667 6.66662C14.6653 5.25256 14.1029 3.89683 13.103 2.89694C12.1031 1.89705 10.7474 1.3347 9.33333 1.33329C9.15652 1.33329 8.98695 1.26305 8.86193 1.13802C8.7369 1.013 8.66667 0.84343 8.66667 0.666619C8.66667 0.489808 8.7369 0.320239 8.86193 0.195215C8.98695 0.0701903 9.15652 -4.75928e-05 9.33333 -4.75928e-05C11.1008 0.00189347 12.7954 0.704896 14.0452 1.95472C15.2951 3.20454 15.9981 4.89911 16 6.66662C16 6.84343 15.9298 7.013 15.8047 7.13802C15.6797 7.26305 15.5101 7.33329 15.3333 7.33329ZM13.3333 6.66662C13.3333 5.60575 12.9119 4.58834 12.1618 3.83819C11.4116 3.08805 10.3942 2.66662 9.33333 2.66662C9.15652 2.66662 8.98695 2.73686 8.86193 2.86188C8.7369 2.98691 8.66667 3.15647 8.66667 3.33329C8.66667 3.5101 8.7369 3.67967 8.86193 3.80469C8.98695 3.92971 9.15652 3.99995 9.33333 3.99995C10.0406 3.99995 10.7189 4.2809 11.219 4.781C11.719 5.2811 12 5.95938 12 6.66662C12 6.84343 12.0702 7.013 12.1953 7.13802C12.3203 7.26305 12.4899 7.33329 12.6667 7.33329C12.8435 7.33329 13.013 7.26305 13.1381 7.13802C13.2631 7.013 13.3333 6.84343 13.3333 6.66662ZM14.7887 14.776L15.3953 14.0766C15.7815 13.6892 15.9983 13.1646 15.9983 12.6176C15.9983 12.0707 15.7815 11.546 15.3953 11.1586C15.3747 11.138 13.7707 9.90395 13.7707 9.90395C13.3857 9.53751 12.8744 9.33346 12.3429 9.3342C11.8114 9.33495 11.3006 9.54043 10.9167 9.90795L9.646 10.9786C8.60878 10.5493 7.66659 9.9194 6.87352 9.12496C6.08046 8.33053 5.45214 7.38724 5.02467 6.34929L6.09133 5.08262C6.45914 4.69873 6.66486 4.18787 6.66573 3.65622C6.6666 3.12457 6.46255 2.61304 6.096 2.22795C6.096 2.22795 4.86067 0.625952 4.84 0.605286C4.45963 0.222451 3.94392 0.00463375 3.40428 -0.0011044C2.86465 -0.00684256 2.34442 0.199959 1.956 0.574619L1.18933 1.24129C-3.34 6.49595 6.41333 16.174 11.8413 16C12.3895 16.0031 12.9327 15.8965 13.4389 15.6862C13.9451 15.476 14.404 15.1665 14.7887 14.776Z\" fill=\"#0081C7\"><\/path><\/g><defs><clipPath id=\"clip0_4001_328\"><rect width=\"16\" height=\"16\" fill=\"white\"><\/rect><\/clipPath><\/defs><\/svg>\t\t\t\t\t\t<\/span>\n\t\t\t\t\t\t\t\t\t\t<span class=\"elementor-icon-list-text\">981 581 167<\/span>\n\t\t\t\t\t\t\t\t\t\t\t<\/a>\n\t\t\t\t\t\t\t\t\t<\/li>\n\t\t\t\t\t\t<\/ul>\n\t\t\t\t\t\t<\/div>\n\t\t\t\t<\/div>\n\t\t\t\t<\/div>\n\t\t<div class=\"elementor-element elementor-element-1997afe e-con-full e-flex e-con e-child\" data-id=\"1997afe\" data-element_type=\"container\">\n\t\t\t\t<div class=\"elementor-element elementor-element-49e883d elementor-widget elementor-widget-shortcode\" data-id=\"49e883d\" data-element_type=\"widget\" data-widget_type=\"shortcode.default\">\n\t\t\t\t<div class=\"elementor-widget-container\">\n\t\t\t\t\t\t\t<div class=\"elementor-shortcode\">\n<div class=\"wpcf7 no-js\" id=\"wpcf7-f3349-o1\" lang=\"es-ES\" dir=\"ltr\" data-wpcf7-id=\"3349\">\n<div class=\"screen-reader-response\"><p role=\"status\" aria-live=\"polite\" aria-atomic=\"true\"><\/p> <ul><\/ul><\/div>\n<form action=\"\/es\/wp-json\/wp\/v2\/pages\/3257#wpcf7-f3349-o1\" method=\"post\" class=\"wpcf7-form init\" aria-label=\"Formulario de contacto\" novalidate=\"novalidate\" data-status=\"init\">\n<div style=\"display: none;\">\n<input type=\"hidden\" name=\"_wpcf7\" value=\"3349\" \/>\n<input type=\"hidden\" name=\"_wpcf7_version\" value=\"6.0.6\" \/>\n<input type=\"hidden\" name=\"_wpcf7_locale\" value=\"es_ES\" \/>\n<input type=\"hidden\" name=\"_wpcf7_unit_tag\" value=\"wpcf7-f3349-o1\" \/>\n<input type=\"hidden\" name=\"_wpcf7_container_post\" value=\"0\" \/>\n<input type=\"hidden\" name=\"_wpcf7_posted_data_hash\" value=\"\" \/>\n<\/div>\n<div class=\"wpcf7-response-output\" aria-hidden=\"true\"><\/div>\n<div class=\"row_inputs\">\n<fieldset class=\"col_inputs\"><span class=\"etiqueta\"> Tu nombre *<\/span><span class=\"wpcf7-form-control-wrap\" data-name=\"nombre\"><input size=\"40\" maxlength=\"400\" class=\"wpcf7-form-control wpcf7-text wpcf7-validates-as-required\" id=\"nombre\" aria-required=\"true\" aria-invalid=\"false\" value=\"\" type=\"text\" name=\"nombre\" \/><\/span><\/fieldset>\n<fieldset class=\"col_inputs\"><span class=\"etiqueta\"> Tu correo electr\u00f3nico *<\/span><span class=\"wpcf7-form-control-wrap\" data-name=\"email\"><input size=\"40\" maxlength=\"400\" class=\"wpcf7-form-control wpcf7-email wpcf7-validates-as-required wpcf7-text wpcf7-validates-as-email\" id=\"email\" aria-required=\"true\" aria-invalid=\"false\" value=\"\" type=\"email\" name=\"email\" \/><\/span><\/fieldset>\n<\/div>\n\n<div class=\"row_inputs\">\n<fieldset class=\"col_inputs\"><span class=\"etiqueta\"> Mensaje *<\/span><span class=\"wpcf7-form-control-wrap\" data-name=\"mensaje\"><textarea cols=\"40\" rows=\"10\" maxlength=\"2000\" class=\"wpcf7-form-control wpcf7-textarea wpcf7-validates-as-required\" id=\"mensaje\" aria-required=\"true\" aria-invalid=\"false\" name=\"mensaje\"><\/textarea><\/span><\/fieldset>\n<\/div>\n\n\n<div class=\"row_inputs\">\n<fieldset class=\"col_inputs legal\"><span class=\"etiqueta\">Informaci\u00f3n legal *<\/span>\n<p>Responsable del tratamiento: Sus datos ser\u00e1n tratados por Federaci\u00f3n Down Galicia con domicilio social en R\u00faa Alejandro Novo Gonz\u00e1lez, 1, 15706 - Santiago de Compostela (A Coru\u00f1a).<\/p>\n<p>Finalidad y legitimaci\u00f3n: Sus datos ser\u00e1n tratados para gestionar su inscripci\u00f3n en la jornada solicitada, con base legal en el consentimiento expreso.<\/p>\n<p>Cesiones: no ser\u00e1n cedidos a terceros salvo obligaci\u00f3n legal.<\/p>\n<p>Derechos: Le informamos que puede ejercer sus derechos de acceso, rectificaci\u00f3n, cancelaci\u00f3n y oposici\u00f3n al tratamiento de sus datos dirigi\u00e9ndose a la siguiente direcci\u00f3n de correo electr\u00f3nico: downgalicia.dpo@convenceabogados.es, o tambi\u00e9n por escrito, adjuntando una copia de un documento acreditativo de su identidad a la direcci\u00f3n: R\u00faa Alejandro Novo Gonz\u00e1lez, 1, 15706 - Santiago de Compostela (A Coru\u00f1a)<\/p>\n<p>Informaci\u00f3n adicional: Puede consultar la informaci\u00f3n adicional y detallada sobre Protecci\u00f3n de datos en nuestra pol\u00edtica de privacidad: <a title=\"web Down Galicia\" href=\"https:\/\/downgalicia.org\/es\/politica-de-privacidad\/\" target=\"_blank\">www.downgalicia.org<\/a><\/p>\n<span class=\"wpcf7-form-control-wrap\" data-name=\"datos\"><span class=\"wpcf7-form-control wpcf7-acceptance\"><span class=\"wpcf7-list-item\"><label><input type=\"checkbox\" name=\"datos\" value=\"1\" id=\"datos\" aria-invalid=\"false\" \/><span class=\"wpcf7-list-item-label\">He le\u00eddo y acepto el aviso sobre la Protecci\u00f3n de datos<\/span><\/label><\/span><\/span><\/span><br>\n<span class=\"wpcf7-form-control-wrap\" data-name=\"legal\"><span class=\"wpcf7-form-control wpcf7-acceptance\"><span class=\"wpcf7-list-item\"><label><input type=\"checkbox\" name=\"legal\" value=\"1\" id=\"legal\" aria-invalid=\"false\" \/><span class=\"wpcf7-list-item-label\">He le\u00eddo y acepto el <strong><a target=\"_blank\" rel=\"nofollow noopener noreferrer\" href=\"\/es\/aviso-legal\">Aviso Legal<\/a><\/strong> y la <strong><a target=\"_blank\" rel=\"nofollow noopener noreferrer\" href=\"\/es\/politica-privacidad\">Pol\u00edtica de privacidad<\/a><\/strong><\/span><\/label><\/span><\/span><\/span>\n\n<\/fieldset>\n<\/div>\n\n<div class=\"row_inputs\">\n<fieldset class=\"col_inputs\"><input class=\"wpcf7-form-control wpcf7-submit has-spinner\" type=\"submit\" value=\"Enviar\" \/><\/fieldset>\n<\/div>\n<\/form>\n<\/div>\n<\/div>\n\t\t\t\t\t\t<\/div>\n\t\t\t\t<\/div>\n\t\t\t\t<\/div>\n\t\t\t\t\t<\/div>\n\t\t\t\t<\/div>\n\t\t<div class=\"elementor-element elementor-element-f42539f e-con-full e-flex e-con e-parent\" data-id=\"f42539f\" data-element_type=\"container\">\n\t\t\t\t<div class=\"elementor-element elementor-element-0d0590f elementor-widget elementor-widget-html\" data-id=\"0d0590f\" data-element_type=\"widget\" data-widget_type=\"html.default\">\n\t\t\t\t<div class=\"elementor-widget-container\">\n\t\t\t\t\t<iframe src=\"https:\/\/www.google.com\/maps\/embed?pb=!1m18!1m12!1m3!1d3525.879997156002!2d-8.558751223291884!3d42.867103571150366!2m3!1f0!2f0!3f0!3m2!1i1024!2i768!4f13.1!3m3!1m2!1s0xd2efe112850b077%3A0xa8acc379d426e454!2sFederaci%C3%B3n%20Down%20Galicia!5e1!3m2!1ses!2sus!4v1719920472128!5m2!1ses!2sus\" width=\"100%\" height=\"350\" style=\"border:0;\" allowfullscreen=\"\" loading=\"lazy\" referrerpolicy=\"no-referrer-when-downgrade\"><\/iframe>\t\t\t\t<\/div>\n\t\t\t\t<\/div>\n\t\t\t\t<\/div>\n\t\t\t\t<\/div>\n\t\t","protected":false},"excerpt":{"rendered":"<p>Buz\u00f3n de escucha activa \u00a1D\u00e9janos tus sugerencias para mejorar! Federaci\u00f3n Down Galicia R\u00faa Alejandro Novo Gonz\u00e1lez, n\u00ba115706 \u2013 Santiago de Compostela (A Coru\u00f1a) downgalicia@downgalicia.org 981 581 167<\/p>\n","protected":false},"author":1,"featured_media":0,"parent":0,"menu_order":0,"comment_status":"closed","ping_status":"closed","template":"","meta":{"_acf_changed":false,"give_campaign_id":0,"footnotes":""},"class_list":["post-3257","page","type-page","status-publish","hentry"],"acf":[],"yoast_head":"<!-- This site is optimized with the Yoast SEO plugin v25.3.1 - https:\/\/yoast.com\/wordpress\/plugins\/seo\/ -->\n<title>Contacto para Ayuda S\u00edndrome de Down &#8226; Down Galicia<\/title>\n<meta name=\"description\" content=\"Contacta con Down Galicia para obtener asesoramiento y ayuda sobre el s\u00edndrome de Down. Apoyo a familias, inclusi\u00f3n y recursos disponibles\" \/>\n<meta name=\"robots\" content=\"index, follow, max-snippet:-1, max-image-preview:large, max-video-preview:-1\" \/>\n<link rel=\"canonical\" href=\"https:\/\/downgalicia.org\/es\/contacto\/\" \/>\n<meta property=\"og:locale\" content=\"es_ES\" \/>\n<meta property=\"og:type\" content=\"article\" \/>\n<meta property=\"og:title\" content=\"Contacto para Ayuda S\u00edndrome de Down &#8226; Down Galicia\" \/>\n<meta property=\"og:description\" content=\"Contacta con Down Galicia para obtener asesoramiento y ayuda sobre el s\u00edndrome de Down. Apoyo a familias, inclusi\u00f3n y recursos disponibles\" \/>\n<meta property=\"og:url\" content=\"https:\/\/downgalicia.org\/es\/contacto\/\" \/>\n<meta property=\"og:site_name\" content=\"Federaci\u00f3n Down Galicia\" \/>\n<meta property=\"article:modified_time\" content=\"2025-07-18T08:47:59+00:00\" \/>\n<meta name=\"twitter:card\" content=\"summary_large_image\" \/>\n<meta name=\"twitter:label1\" content=\"Tiempo de lectura\" \/>\n\t<meta name=\"twitter:data1\" content=\"1 minuto\" \/>\n<script type=\"application\/ld+json\" class=\"yoast-schema-graph\">{\"@context\":\"https:\/\/schema.org\",\"@graph\":[{\"@type\":\"WebPage\",\"@id\":\"https:\/\/downgalicia.org\/es\/contacto\/\",\"url\":\"https:\/\/downgalicia.org\/es\/contacto\/\",\"name\":\"Contacto para Ayuda S\u00edndrome de Down &#8226; Down Galicia\",\"isPartOf\":{\"@id\":\"https:\/\/downgalicia.org\/es\/#website\"},\"datePublished\":\"2024-07-01T09:59:32+00:00\",\"dateModified\":\"2025-07-18T08:47:59+00:00\",\"description\":\"Contacta con Down Galicia para obtener asesoramiento y ayuda sobre el s\u00edndrome de Down. Apoyo a familias, inclusi\u00f3n y recursos disponibles\",\"breadcrumb\":{\"@id\":\"https:\/\/downgalicia.org\/es\/contacto\/#breadcrumb\"},\"inLanguage\":\"es\",\"potentialAction\":[{\"@type\":\"ReadAction\",\"target\":[\"https:\/\/downgalicia.org\/es\/contacto\/\"]}]},{\"@type\":\"BreadcrumbList\",\"@id\":\"https:\/\/downgalicia.org\/es\/contacto\/#breadcrumb\",\"itemListElement\":[{\"@type\":\"ListItem\",\"position\":1,\"name\":\"Portada\",\"item\":\"https:\/\/downgalicia.org\/es\/\"},{\"@type\":\"ListItem\",\"position\":2,\"name\":\"Contacto y ayuda para personas con s\u00edndrome de Down\"}]},{\"@type\":\"WebSite\",\"@id\":\"https:\/\/downgalicia.org\/es\/#website\",\"url\":\"https:\/\/downgalicia.org\/es\/\",\"name\":\"Federaci\u00f3n Down Galicia\",\"description\":\"Apoio a persoas con S\u00edndrome de Down\",\"publisher\":{\"@id\":\"https:\/\/downgalicia.org\/es\/#organization\"},\"potentialAction\":[{\"@type\":\"SearchAction\",\"target\":{\"@type\":\"EntryPoint\",\"urlTemplate\":\"https:\/\/downgalicia.org\/es\/?s={search_term_string}\"},\"query-input\":{\"@type\":\"PropertyValueSpecification\",\"valueRequired\":true,\"valueName\":\"search_term_string\"}}],\"inLanguage\":\"es\"},{\"@type\":\"Organization\",\"@id\":\"https:\/\/downgalicia.org\/es\/#organization\",\"name\":\"Federaci\u00f3n Down Galicia\",\"url\":\"https:\/\/downgalicia.org\/es\/\",\"logo\":{\"@type\":\"ImageObject\",\"inLanguage\":\"es\",\"@id\":\"https:\/\/downgalicia.org\/es\/#\/schema\/logo\/image\/\",\"url\":\"https:\/\/downgalicia.org\/wp-content\/uploads\/2024\/07\/logo-sindrome-down-color.svg\",\"contentUrl\":\"https:\/\/downgalicia.org\/wp-content\/uploads\/2024\/07\/logo-sindrome-down-color.svg\",\"width\":271,\"height\":88,\"caption\":\"Federaci\u00f3n Down Galicia\"},\"image\":{\"@id\":\"https:\/\/downgalicia.org\/es\/#\/schema\/logo\/image\/\"}}]}<\/script>\n<!-- \/ Yoast SEO plugin. -->","yoast_head_json":{"title":"Contacto para Ayuda S\u00edndrome de Down &#8226; Down Galicia","description":"Contacta con Down Galicia para obtener asesoramiento y ayuda sobre el s\u00edndrome de Down. Apoyo a familias, inclusi\u00f3n y recursos disponibles","robots":{"index":"index","follow":"follow","max-snippet":"max-snippet:-1","max-image-preview":"max-image-preview:large","max-video-preview":"max-video-preview:-1"},"canonical":"https:\/\/downgalicia.org\/es\/contacto\/","og_locale":"es_ES","og_type":"article","og_title":"Contacto para Ayuda S\u00edndrome de Down &#8226; Down Galicia","og_description":"Contacta con Down Galicia para obtener asesoramiento y ayuda sobre el s\u00edndrome de Down. Apoyo a familias, inclusi\u00f3n y recursos disponibles","og_url":"https:\/\/downgalicia.org\/es\/contacto\/","og_site_name":"Federaci\u00f3n Down Galicia","article_modified_time":"2025-07-18T08:47:59+00:00","twitter_card":"summary_large_image","twitter_misc":{"Tiempo de lectura":"1 minuto"},"schema":{"@context":"https:\/\/schema.org","@graph":[{"@type":"WebPage","@id":"https:\/\/downgalicia.org\/es\/contacto\/","url":"https:\/\/downgalicia.org\/es\/contacto\/","name":"Contacto para Ayuda S\u00edndrome de Down &#8226; Down Galicia","isPartOf":{"@id":"https:\/\/downgalicia.org\/es\/#website"},"datePublished":"2024-07-01T09:59:32+00:00","dateModified":"2025-07-18T08:47:59+00:00","description":"Contacta con Down Galicia para obtener asesoramiento y ayuda sobre el s\u00edndrome de Down. Apoyo a familias, inclusi\u00f3n y recursos disponibles","breadcrumb":{"@id":"https:\/\/downgalicia.org\/es\/contacto\/#breadcrumb"},"inLanguage":"es","potentialAction":[{"@type":"ReadAction","target":["https:\/\/downgalicia.org\/es\/contacto\/"]}]},{"@type":"BreadcrumbList","@id":"https:\/\/downgalicia.org\/es\/contacto\/#breadcrumb","itemListElement":[{"@type":"ListItem","position":1,"name":"Portada","item":"https:\/\/downgalicia.org\/es\/"},{"@type":"ListItem","position":2,"name":"Contacto y ayuda para personas con s\u00edndrome de Down"}]},{"@type":"WebSite","@id":"https:\/\/downgalicia.org\/es\/#website","url":"https:\/\/downgalicia.org\/es\/","name":"Federaci\u00f3n Down Galicia","description":"Apoio a persoas con S\u00edndrome de Down","publisher":{"@id":"https:\/\/downgalicia.org\/es\/#organization"},"potentialAction":[{"@type":"SearchAction","target":{"@type":"EntryPoint","urlTemplate":"https:\/\/downgalicia.org\/es\/?s={search_term_string}"},"query-input":{"@type":"PropertyValueSpecification","valueRequired":true,"valueName":"search_term_string"}}],"inLanguage":"es"},{"@type":"Organization","@id":"https:\/\/downgalicia.org\/es\/#organization","name":"Federaci\u00f3n Down Galicia","url":"https:\/\/downgalicia.org\/es\/","logo":{"@type":"ImageObject","inLanguage":"es","@id":"https:\/\/downgalicia.org\/es\/#\/schema\/logo\/image\/","url":"https:\/\/downgalicia.org\/wp-content\/uploads\/2024\/07\/logo-sindrome-down-color.svg","contentUrl":"https:\/\/downgalicia.org\/wp-content\/uploads\/2024\/07\/logo-sindrome-down-color.svg","width":271,"height":88,"caption":"Federaci\u00f3n Down Galicia"},"image":{"@id":"https:\/\/downgalicia.org\/es\/#\/schema\/logo\/image\/"}}]}},"campaignId":"","_links":{"self":[{"href":"https:\/\/downgalicia.org\/es\/wp-json\/wp\/v2\/pages\/3257","targetHints":{"allow":["GET"]}}],"collection":[{"href":"https:\/\/downgalicia.org\/es\/wp-json\/wp\/v2\/pages"}],"about":[{"href":"https:\/\/downgalicia.org\/es\/wp-json\/wp\/v2\/types\/page"}],"author":[{"embeddable":true,"href":"https:\/\/downgalicia.org\/es\/wp-json\/wp\/v2\/users\/1"}],"replies":[{"embeddable":true,"href":"https:\/\/downgalicia.org\/es\/wp-json\/wp\/v2\/comments?post=3257"}],"version-history":[{"count":7,"href":"https:\/\/downgalicia.org\/es\/wp-json\/wp\/v2\/pages\/3257\/revisions"}],"predecessor-version":[{"id":9872,"href":"https:\/\/downgalicia.org\/es\/wp-json\/wp\/v2\/pages\/3257\/revisions\/9872"}],"wp:attachment":[{"href":"https:\/\/downgalicia.org\/es\/wp-json\/wp\/v2\/media?parent=3257"}],"curies":[{"name":"wp","href":"https:\/\/api.w.org\/{rel}","templated":true}]}}